{"id":95,"date":"2009-02-07T16:15:14","date_gmt":"2009-02-07T15:15:14","guid":{"rendered":"http:\/\/wp1057439.wp029.webpack.hosteurope.de\/apps\/wp\/?page_id=95"},"modified":"2014-12-10T11:45:32","modified_gmt":"2014-12-10T10:45:32","slug":"zwischenlager","status":"publish","type":"page","link":"https:\/\/johnbellicchi-portfolio.blog-net.ch\/de\/","title":{"rendered":"Willkommen"},"content":{"rendered":"<p><\/p>\n<div class=\"articleSum\"><a href=\"\/wp-content\/uploads\/2009\/02\/consultant_768.jpg\"><img loading=\"lazy\" decoding=\"async\" class=\"size-full wp-image-791\" title=\"photo portrait by Marc G\u00fcnther 2008\" src=\"\/wp-content\/uploads\/2009\/02\/consultant_64.jpg\" alt=\"Foto of John Bellicchi\" width=\"64\" height=\"64\" \/> <\/a><\/p>\n<h1>Willkommen in der facettenreichen Welt von John Bellicchi<\/h1>\n<\/div>\n<p>John Bellicchi wurde 1944 in Florida, USA, geboren.<\/p>\n<p>Er studierte\u00a0Malerei, Zeichnung und Lithografie\u00a0an der\u00a0<em>Art Students League<\/em> in\u00a0New York, sowie orientalische Medizin und Philosophie bei <em>Michio Kushi<\/em> in Brookline, Massachusetts.<\/p>\n<p>1972 machte er sich als Grafikdesigner selbstst\u00e4ndig und gr\u00fcndete eine Firma mit dem Namen, <em>Colors of the Sun.<\/em><\/p>\n<h2><a href=\"\/wp-content\/uploads\/2009\/02\/placido_768.jpg\"><img loading=\"lazy\" decoding=\"async\" class=\"alignnone size-full wp-image-799\" style=\"margin-right: 5px;\" title=\"photo by Claudia Leudesdorff, 1993\" src=\"\/wp-content\/uploads\/2009\/02\/placido_64.jpg\" alt=\"photo by Claudia Leudesdorff, 1993\" width=\"64\" height=\"64\" \/> <\/a> <a href=\"\/wp-content\/uploads\/2009\/02\/selfportrait_768.jpg\"><img loading=\"lazy\" decoding=\"async\" class=\"alignnone size-full wp-image-804\" style=\"margin-right: 5px;\" title=\"self-portrait, charcoal on paper, 1966\" src=\"\/wp-content\/uploads\/2009\/02\/selfportrait_64.jpg\" alt=\"selfportrait_64\" width=\"64\" height=\"64\" \/> <\/a> <a href=\"wp-content\/uploads\/2009\/02\/processdesigner_768.jpg\"><img loading=\"lazy\" decoding=\"async\" class=\"alignnone size-full wp-image-805\" style=\"margin-right: 5px;\" title=\"photo by Mischa Scherrer, 2004\" src=\"\/wp-content\/uploads\/2009\/02\/processdesigner_64.jpg\" alt=\"processdesigner_64\" width=\"64\" height=\"64\" \/> <\/a> <a href=\"\/wp-content\/uploads\/2009\/02\/poet_768.jpg\"><img loading=\"lazy\" decoding=\"async\" class=\"alignnone size-full wp-image-809\" style=\"margin-right: 5px;\" title=\"photo by Claudia Leudesdorff, 1993\" src=\"\/wp-content\/uploads\/2009\/02\/poet_64.jpg\" alt=\"poet_64\" width=\"64\" height=\"64\" \/> <\/a> <a href=\"\/wp-content\/uploads\/2009\/02\/painter_768.jpg\"><img loading=\"lazy\" decoding=\"async\" class=\"alignnone size-full wp-image-870\" style=\"margin-right: 5px;\" title=\"photo by Johanna Br\u00fccher, 1997\" src=\"\/wp-content\/uploads\/2009\/02\/painter_64.jpg\" alt=\"painter_64\" width=\"64\" height=\"64\" \/> <\/a><\/h2>\n<p>1980 qualifizierte er sich als Seminarleiter und wurde von\u00a0<em>Hargrove &amp; Partner <\/em> mit der Durchf\u00fchrung von\u00a0Workshops zu den Themen Pers\u00f6nlichkeitsentfaltung, F\u00fchrungswesen, Gruppendynamik und Sexualit\u00e4t betraut.<\/p>\n<p>Seit 1986 konzipiert und leitet er seine eigenen Seminare, vorwiegend in Europa.\u00a0Er erschuf den\u00a0<em>M\u00e4nnerworkshop<\/em>; den\u00a0<em>Frauenworkshop<\/em>;\u00a0 <em>Sex, Love &amp; Relationships <\/em> (ein einw\u00f6chiger Intensivkurs f\u00fcr Singles und Paare); <em>den Liebhaber<\/em> (ein Seminar \u00fcber Sexualit\u00e4t und erotische K\u00fcnste); und <em>das Magische Dreieck (<\/em>ein Kurs, in dem die Verbindung zwischen Kunst, Eros und Psyche erforscht wird).<\/p>\n<p>Er betrachtet sich als <a href=\"special-processes\/\">Prozess Designer<\/a> \u2014 d.h. er gestaltet Begegnungsformen (Seminare zum Beispiel), in denen die Mitwirkenden angeregt werden, sich individuell zu einem Thema zu \u00e4u\u00dfern, um miteinander einen bestimmten Zusammenhang zu erkunden.<\/p>\n<p>Am meisten bekannt ist er f\u00fcr seine M\u00e4nnerarbeit. Seminarbesucher sch\u00e4tzen an ihm sein leidenschaftliches Interesse, seine Menschlichkeit und seinen Sinn f\u00fcr Humor.<\/p>\n<p>In den letzten Jahren ist er als Kreativberater t\u00e4tig, wobei er sein k\u00fcnstlerisches, gestalterisches und prozessorientiertes Knowhow kombiniert zu einem Service f\u00fcr Unternehmen und andere Organisationen. Au\u00dferdem dient er Paaren und Einzelpersonen als Begleiter in kritischen Lebensphasen.<\/p>\n<p>Er hat drei erwachsene Kinder aus erster Ehe und f\u00fcnf Enkel. Seinen Wohnsitz hat er in Darmstadt, wo er mit seiner Frau Johanna Br\u00fccher lebt.<br \/>\n<\/p>","protected":false},"excerpt":{"rendered":"<p>Willkommen in der facettenreichen Welt von John Bellicchi John Bellicchi wurde 1944 in Florida, USA, geboren. Er studierte\u00a0Malerei, Zeichnung und Lithografie\u00a0an der\u00a0Art Students League in\u00a0New York, sowie orientalische Medizin und Philosophie bei Michio Kushi in Brookline, Massachusetts. 1972 machte er sich als Grafikdesigner selbstst\u00e4ndig und gr\u00fcndete eine Firma mit dem Namen, Colors of the Sun. [&hellip;]<\/p>\n","protected":false},"author":2,"featured_media":0,"parent":0,"menu_order":10,"comment_status":"closed","ping_status":"closed","template":"","meta":{"iawp_total_views":1385,"footnotes":""},"class_list":["post-95","page","type-page","status-publish","hentry"],"_links":{"self":[{"href":"https:\/\/johnbellicchi-portfolio.blog-net.ch\/de\/wp-json\/wp\/v2\/pages\/95","targetHints":{"allow":["GET"]}}],"collection":[{"href":"https:\/\/johnbellicchi-portfolio.blog-net.ch\/de\/wp-json\/wp\/v2\/pages"}],"about":[{"href":"https:\/\/johnbellicchi-portfolio.blog-net.ch\/de\/wp-json\/wp\/v2\/types\/page"}],"author":[{"embeddable":true,"href":"https:\/\/johnbellicchi-portfolio.blog-net.ch\/de\/wp-json\/wp\/v2\/users\/2"}],"replies":[{"embeddable":true,"href":"https:\/\/johnbellicchi-portfolio.blog-net.ch\/de\/wp-json\/wp\/v2\/comments?post=95"}],"version-history":[{"count":5,"href":"https:\/\/johnbellicchi-portfolio.blog-net.ch\/de\/wp-json\/wp\/v2\/pages\/95\/revisions"}],"predecessor-version":[{"id":3024,"href":"https:\/\/johnbellicchi-portfolio.blog-net.ch\/de\/wp-json\/wp\/v2\/pages\/95\/revisions\/3024"}],"wp:attachment":[{"href":"https:\/\/johnbellicchi-portfolio.blog-net.ch\/de\/wp-json\/wp\/v2\/media?parent=95"}],"curies":[{"name":"wp","href":"https:\/\/api.w.org\/{rel}","templated":true}]}}