{"id":81,"date":"2009-02-07T11:54:32","date_gmt":"2009-02-07T10:54:32","guid":{"rendered":"http:\/\/wp1057439.wp029.webpack.hosteurope.de\/apps\/wp\/?page_id=81"},"modified":"2012-10-25T04:20:08","modified_gmt":"2012-10-25T03:20:08","slug":"photography","status":"publish","type":"page","link":"https:\/\/johnbellicchi-portfolio.blog-net.ch\/de\/photography\/","title":{"rendered":"Fotografie"},"content":{"rendered":"<p><\/p>\n<div class=\"articleSum\">\n<h1>Fotografie<\/h1>\n<\/div>\n<p>Ich brauchte Jahre, um ein Buch zu schreiben. Ich brauche Stunden, manchmal auch Tage oder Wochen, um ein Bild zu malen, aber um ein Foto zu schie\u00dfen, braucht es nur einen Augenblick \u2014 toll! Insbesondere mit der digitalen Technik, die das Entwickeln in der Dunkelkammer \u00fcberfl\u00fcssig macht. Meine Fotogalerie enth\u00e4lt gesammelte Eindr\u00fccke von der Welt um mich herum, eine Welt, die ich zwar nicht erschaffen habe, die ich aber mit meiner Kamera in Anspruch nehmen kann.<br \/>\n<strong><\/strong><br \/>\n<strong>Harkness-Gedenkst\u00e4tte<\/strong><br \/>\n[nggallery id=25]<br \/>\n<strong>Harkness-Umgebung<\/strong><br \/>\n[nggallery id=26]<br \/>\n<strong>Fussg\u00e4ngerbr\u00fccke Harkness<\/strong><br \/>\n[nggallery id=30]<br \/>\n<strong>Naturschutzgebiet Harkness<\/strong><br \/>\n[nggallery id=31]<br \/>\n<strong>Am Strand von Waterford<\/strong><br \/>\n[nggallery id=27]<br \/>\n<strong>New London<\/strong><br \/>\n[nggallery id=32]<br \/>\n<strong>Alewife Bucht<\/strong><br \/>\n[nggallery id=28]<br \/>\n<strong>Die Zoo Bar<\/strong><\/p>\n<p>Von all den Caf\u00e9s, die ich im Laufe der Jahre frequentierte, halte ich die Zoo Bar f\u00fcr eine der gediegendsten. Die elegante Schlichheit der Innenausstattung, die Lage an der Stadtkirche in Darmstadt, der angrenzende kleine Platz (eine Oase der Ruhe im gesch\u00e4ftigen Zentrum), der erstklassige Kaffee (ein doppelter Espresso in meinem Fall), die ausgesprochen aufmerksame Bedienung \u2014 all diese Elemente erheben es \u00fcber die Norm.<\/p>\n<p>[nggallery id=9]<br \/>\n[nggallery id=13]<br \/>\n[nggallery id=11]<br \/>\n<strong>Blaues Bl\u00fctenblatt<\/strong><br \/>\n[nggallery id=16]<\/p>\n<p>Im August 2008 fing ich an zu fotografieren. Kurz darauf stie\u00df ich auf dieses sch\u00f6ne, schillernd blaue Bl\u00fctenblatt in obigem Foto. Ringsum keine einzige Blume, nur dieses eine Bl\u00fctenblatt in einem Bett aus Gr\u00fcn. Jenes Foto ist noch immer eines meiner Lieblingsbilder. Dann im Fr\u00fchsommer 2009 streifte ich wieder durch dieselbe Gegend, wo ich das Bl\u00fctenblatt gefunden hatte. Und sieh an (siehe unten!), da standen Blumen von der Sorte, woher dieses einsame Bl\u00fctenblatt wohl stammen musste.<\/p>\n<p>[nggallery id=8]<br \/>\n<strong>See am Kranichsteiner Schlo\u00df<\/strong><br \/>\n[nggallery id=15]<\/p>\n<p><strong>Pfauenauge &#8212; Wunder oder Irrtum?<\/strong><br \/>\nWas soll das bedeuten? Ein Schmetterling, der mitten im Dezember aufkreuzt, in so einem ungew\u00f6hnlich kalten Dezember wie diesem, bei anhaltend frostigen Temperaturen.<br \/>\n[nggallery id=24]<\/p>\n<p><\/p>","protected":false},"excerpt":{"rendered":"<p>Fotografie Ich brauchte Jahre, um ein Buch zu schreiben. Ich brauche Stunden, manchmal auch Tage oder Wochen, um ein Bild zu malen, aber um ein Foto zu schie\u00dfen, braucht es nur einen Augenblick \u2014 toll! Insbesondere mit der digitalen Technik, die das Entwickeln in der Dunkelkammer \u00fcberfl\u00fcssig macht. Meine Fotogalerie enth\u00e4lt gesammelte Eindr\u00fccke von der [&hellip;]<\/p>\n","protected":false},"author":2,"featured_media":0,"parent":0,"menu_order":80,"comment_status":"open","ping_status":"open","template":"","meta":{"iawp_total_views":48,"footnotes":""},"class_list":["post-81","page","type-page","status-publish","hentry"],"_links":{"self":[{"href":"https:\/\/johnbellicchi-portfolio.blog-net.ch\/de\/wp-json\/wp\/v2\/pages\/81","targetHints":{"allow":["GET"]}}],"collection":[{"href":"https:\/\/johnbellicchi-portfolio.blog-net.ch\/de\/wp-json\/wp\/v2\/pages"}],"about":[{"href":"https:\/\/johnbellicchi-portfolio.blog-net.ch\/de\/wp-json\/wp\/v2\/types\/page"}],"author":[{"embeddable":true,"href":"https:\/\/johnbellicchi-portfolio.blog-net.ch\/de\/wp-json\/wp\/v2\/users\/2"}],"replies":[{"embeddable":true,"href":"https:\/\/johnbellicchi-portfolio.blog-net.ch\/de\/wp-json\/wp\/v2\/comments?post=81"}],"version-history":[{"count":5,"href":"https:\/\/johnbellicchi-portfolio.blog-net.ch\/de\/wp-json\/wp\/v2\/pages\/81\/revisions"}],"predecessor-version":[{"id":3046,"href":"https:\/\/johnbellicchi-portfolio.blog-net.ch\/de\/wp-json\/wp\/v2\/pages\/81\/revisions\/3046"}],"wp:attachment":[{"href":"https:\/\/johnbellicchi-portfolio.blog-net.ch\/de\/wp-json\/wp\/v2\/media?parent=81"}],"curies":[{"name":"wp","href":"https:\/\/api.w.org\/{rel}","templated":true}]}}