{"id":761,"date":"2009-02-25T21:54:16","date_gmt":"2009-02-25T20:54:16","guid":{"rendered":"http:\/\/www.johnbellicchi.de\/?page_id=761"},"modified":"2012-02-10T13:32:05","modified_gmt":"2012-02-10T12:32:05","slug":"the-last-supper","status":"publish","type":"page","link":"https:\/\/johnbellicchi-portfolio.blog-net.ch\/de\/special-processes\/the-last-supper\/","title":{"rendered":"Last Supper"},"content":{"rendered":"<p><\/p>\n<div class=\"articleSum\"><a href=\"\/wp-content\/uploads\/2009\/02\/ls-vertical-horizontal_1024.jpg\"><img loading=\"lazy\" decoding=\"async\" title=\"photo by J\u00f6rg Baumann 2004\" src=\"\/wp-content\/uploads\/2009\/02\/ls-vertical-horizontal_64.jpg\" alt=\"\" width=\"64\" height=\"64\" \/><\/a><\/p>\n<div id=\"ez-toc-container\" class=\"ez-toc-v2_0_82_2 counter-hierarchy ez-toc-counter ez-toc-grey ez-toc-container-direction\">\n<div class=\"ez-toc-title-container\">\n<p class=\"ez-toc-title\" style=\"cursor:inherit\">Table of Contents<\/p>\n<span class=\"ez-toc-title-toggle\"><a href=\"#\" class=\"ez-toc-pull-right ez-toc-btn ez-toc-btn-xs ez-toc-btn-default ez-toc-toggle\" aria-label=\"Toggle Table of Content\"><span class=\"ez-toc-js-icon-con\"><span class=\"\"><span class=\"eztoc-hide\" style=\"display:none;\">Toggle<\/span><span class=\"ez-toc-icon-toggle-span\"><svg style=\"fill: #999;color:#999\" xmlns=\"http:\/\/www.w3.org\/2000\/svg\" class=\"list-377408\" width=\"20px\" height=\"20px\" viewBox=\"0 0 24 24\" fill=\"none\"><path d=\"M6 6H4v2h2V6zm14 0H8v2h12V6zM4 11h2v2H4v-2zm16 0H8v2h12v-2zM4 16h2v2H4v-2zm16 0H8v2h12v-2z\" fill=\"currentColor\"><\/path><\/svg><svg style=\"fill: #999;color:#999\" class=\"arrow-unsorted-368013\" xmlns=\"http:\/\/www.w3.org\/2000\/svg\" width=\"10px\" height=\"10px\" viewBox=\"0 0 24 24\" version=\"1.2\" baseProfile=\"tiny\"><path d=\"M18.2 9.3l-6.2-6.3-6.2 6.3c-.2.2-.3.4-.3.7s.1.5.3.7c.2.2.4.3.7.3h11c.3 0 .5-.1.7-.3.2-.2.3-.5.3-.7s-.1-.5-.3-.7zM5.8 14.7l6.2 6.3 6.2-6.3c.2-.2.3-.5.3-.7s-.1-.5-.3-.7c-.2-.2-.4-.3-.7-.3h-11c-.3 0-.5.1-.7.3-.2.2-.3.5-.3.7s.1.5.3.7z\"\/><\/svg><\/span><\/span><\/span><\/a><\/span><\/div>\n<nav><ul class='ez-toc-list ez-toc-list-level-1 ' ><li class='ez-toc-page-1 ez-toc-heading-level-1'><a class=\"ez-toc-link ez-toc-heading-1\" href=\"https:\/\/johnbellicchi-portfolio.blog-net.ch\/de\/special-processes\/the-last-supper\/#Last_Supper\" >Last Supper<\/a><ul class='ez-toc-list-level-3' ><li class='ez-toc-heading-level-3'><ul class='ez-toc-list-level-3' ><li class='ez-toc-heading-level-3'><a class=\"ez-toc-link ez-toc-heading-2\" href=\"https:\/\/johnbellicchi-portfolio.blog-net.ch\/de\/special-processes\/the-last-supper\/#Eine_Fusion_von_Prozess_und_Performance\" >Eine Fusion von Prozess und Performance<\/a><\/li><li class='ez-toc-page-1 ez-toc-heading-level-3'><a class=\"ez-toc-link ez-toc-heading-3\" href=\"https:\/\/johnbellicchi-portfolio.blog-net.ch\/de\/special-processes\/the-last-supper\/#in_Zusammenarbeit_mit_Michael_Dodt_und_dem_Last_Supper_Team\" >in Zusammenarbeit mit Michael Dodt und dem Last Supper Team<\/a><\/li><\/ul><\/li><\/ul><\/li><\/ul><\/nav><\/div>\n<h1><span class=\"ez-toc-section\" id=\"Last_Supper\"><\/span>Last Supper<span class=\"ez-toc-section-end\"><\/span><\/h1>\n<h3><span class=\"ez-toc-section\" id=\"Eine_Fusion_von_Prozess_und_Performance\"><\/span>Eine Fusion von Prozess und Performance<span class=\"ez-toc-section-end\"><\/span><\/h3>\n<h3><span class=\"ez-toc-section\" id=\"in_Zusammenarbeit_mit_Michael_Dodt_und_dem_Last_Supper_Team\"><\/span>in Zusammenarbeit mit Michael Dodt und dem Last Supper Team<span class=\"ez-toc-section-end\"><\/span><\/h3>\n<\/div>\n<p>In einer regnerischen Nacht im Winter 2003 fuhren meine Frau und ich nach einem Treffen mit unserem Freund und Gesch\u00e4ftspartner Michael Dodt von Frankfurt nachhause. Pl\u00f6tzlich kam mir diese Idee, \u201cWir sollten, um Ostern zu feiern, ein Abendessen in einer Kirche veranstalten, das wir Last Supper nennen,\u201d platzte es aus mir heraus. \u201cEs soll der Besinnung dienen und f\u00fcr alle Beteiligten auch ein Impuls zur Erneuerung sein.\u201d Als ich diese Idee aussprach, empfand ich so etwas wie Segen: ich sp\u00fcrte ganz viel Energie um meinen Kopf herum, wie eine Krone (Ich sage Krone, weil es sich anf\u00fchlte, als ob sich meine Haare aufstellen w\u00fcrden). Ich schaute durch die Windschutzscheibe nach oben (meine Frau sa\u00df am Steuer) und mir schien, als ob sich der Himmel \u00f6ffnen und eine Schar von Engeln dort oben jubeln w\u00fcrde: \u201cJa! Ja!\u201d Diese himmlische Zustimmung verstand ich nicht nur als Best\u00e4tigung, sondern auch als Aufforderung. Es soll geschehen, dachte ich. Und so war es dann tats\u00e4chlich im darauf folgenden Jahr.<\/p>\n<p><a href=\"\/wp-content\/uploads\/2009\/02\/supper-logo_768.jpg\"><img loading=\"lazy\" decoding=\"async\" class=\"alignnone size-full wp-image-1162\" style=\"border: 1px solid black;\" title=\"graphic design by Felix Guder\" src=\"\/wp-content\/uploads\/2009\/02\/supper-logo_641.jpg\" alt=\"supper-logo_641\" width=\"64\" height=\"64\" \/><\/a><a href=\"\/wp-content\/uploads\/2009\/02\/doppelspitze_1024.jpg\" target=\"_blank\"><img loading=\"lazy\" decoding=\"async\" style=\"margin-left: 5px; margin-right: 5px;\" title=\"photo by J\u00f6rg Baumann 2004\" src=\"\/wp-content\/uploads\/2009\/02\/doppelspitze_64.jpg\" alt=\"doppelspitze_64\" width=\"64\" height=\"64\" \/><\/a><a class=\"alignnone size-full wp-image-1169\" rel=\"\/wp-content\/uploads\/2009\/02\/roof-moon_768.jpg\" href=\"\/wp-content\/uploads\/2009\/02\/roof-moon_768.jpg\"><img loading=\"lazy\" decoding=\"async\" class=\"alignnone size-full wp-image-1152\" style=\"margin-right: 5px;\" title=\"photo by J\u00f6rg Baumann 2004\" src=\"\/wp-content\/uploads\/2009\/02\/roof-moon_64.jpg\" alt=\"roof-moon_64\" width=\"64\" height=\"64\" \/><\/a><a href=\"\/wp-content\/uploads\/2009\/02\/rotgrangelb_768.jpg\"><img loading=\"lazy\" decoding=\"async\" class=\"alignnone size-full wp-image-1154\" style=\"margin-right: 5px;\" title=\"photo by J\u00f6rg Baumann 2004\" src=\"\/wp-content\/uploads\/2009\/02\/rotgrangelb_64.jpg\" alt=\"rotgrangelb_64\" width=\"64\" height=\"64\" \/><\/a><a href=\"\/wp-content\/uploads\/2009\/02\/service_1024.jpg\"><img loading=\"lazy\" decoding=\"async\" class=\"alignnone size-full wp-image-1155\" title=\"photo by J\u00f6rg Baumann 2004\" src=\"\/wp-content\/uploads\/2009\/02\/service_64.jpg\" alt=\"service_64\" width=\"64\" height=\"64\" \/><\/a><\/p>\n<p>Nach umfangreicher Planung und Vorbereitung mithilfe eines zwanzigk\u00f6pfigen Teams (Beleuchtungsspezialisten inklusive), fand am Gr\u00fcndonnerstag in der Weissfrauen Kirche in Frankfurt am Main, eine Veranstaltung statt, \u00a0das \u201cLast Supper\u201d genannt. Zw\u00f6lf G\u00e4ste aus unterschiedlichen Berufs-, Alters- und Interessengruppen, wurden zu einem vierg\u00e4ngigen Abendmahl in die Kirche eingeladen. Das Essen wurde von einem Chefkoch und zwei Assistenten mitten in der Kirche gekocht und angerichtet. Jeder Gast war vorher gebeten worden, einen Vortrag von maximal zehn Minuten L\u00e4nge zum Thema Neuanfang oder Ostern vorzubereiten. So hielten in den Intervallen zwischen zwei G\u00e4ngen jeweils 4 Leute ihren Vortrag. Dokumentiert wurde das Ganze von zwei so genannten Geschichtsschreibern, die das, was sie h\u00f6rten und beobachteten, selektiert und komprimiert in ihre Laptops eingaben. Au\u00dferdem waren auch eine Filmcrew und der Fotograf J\u00f6rg Baumann da, um das Ereignis einzufangen.<\/p>\n<p><a href=\"\/wp-content\/uploads\/2009\/02\/sharing_768.jpg\"><img loading=\"lazy\" decoding=\"async\" class=\"alignnone size-full wp-image-1159\" style=\"margin-right: 5px;\" title=\"photo by J\u00f6rg Baumann 2004\" src=\"\/wp-content\/uploads\/2009\/02\/sharing_64.jpg\" alt=\"sharing_64\" width=\"64\" height=\"64\" \/><\/a><a href=\"\/wp-content\/uploads\/2009\/02\/guest_768.jpg\"><img loading=\"lazy\" decoding=\"async\" class=\"alignnone size-full wp-image-1205\" style=\"margin-right: 5px;\" title=\"photo by J\u00f6rg Baumann 2004\" src=\"\/wp-content\/uploads\/2009\/02\/guest_641.jpg\" alt=\"guest_641\" width=\"64\" height=\"64\" \/><\/a><a href=\"\/wp-content\/uploads\/2009\/02\/saladprep_768.jpg\"><img loading=\"lazy\" decoding=\"async\" class=\"alignnone size-full wp-image-1160\" style=\"margin-right: 5px;\" title=\"photo by J\u00f6rg Baumann 2004\" src=\"\/wp-content\/uploads\/2009\/02\/saladprep_64.jpg\" alt=\"saladprep_64\" width=\"64\" height=\"64\" \/><\/a><a href=\"\/wp-content\/uploads\/2009\/02\/historians_1024.jpg\"><img loading=\"lazy\" decoding=\"async\" class=\"alignnone size-full wp-image-1161\" style=\"margin-right: 5px;\" title=\"photo by J\u00f6rg Baumann 2004\" src=\"\/wp-content\/uploads\/2009\/02\/historians_64.jpg\" alt=\"historians_64\" width=\"64\" height=\"64\" \/><\/a><a href=\"http:\/\/www.johnbellicchi.de\/wp-content\/uploads\/2009\/02\/angels_768.jpg\"><img loading=\"lazy\" decoding=\"async\" class=\"alignnone size-full wp-image-859\" title=\"photo by J\u00f6rg Baumann 2004\" src=\"\/wp-content\/uploads\/2009\/02\/angels.jpg\" alt=\"photo by J\u00f6rg Baumann\" width=\"64\" height=\"64\" \/><\/a><\/p>\n<p>Mehr dazu im \u21d2\u00a0<a href=\"\/files\/2009\/02\/last_supper_konzept.pdf\">last_supper_konzept<\/a> (pdf 1,8 MB)<\/p>\n<p><\/p>","protected":false},"excerpt":{"rendered":"<p>Last Supper Eine Fusion von Prozess und Performance in Zusammenarbeit mit Michael Dodt und dem Last Supper Team In einer regnerischen Nacht im Winter 2003 fuhren meine Frau und ich nach einem Treffen mit unserem Freund und Gesch\u00e4ftspartner Michael Dodt von Frankfurt nachhause. Pl\u00f6tzlich kam mir diese Idee, \u201cWir sollten, um Ostern zu feiern, ein [&hellip;]<\/p>\n","protected":false},"author":2,"featured_media":0,"parent":42,"menu_order":10,"comment_status":"closed","ping_status":"closed","template":"","meta":{"iawp_total_views":17,"footnotes":""},"class_list":["post-761","page","type-page","status-publish","hentry"],"_links":{"self":[{"href":"https:\/\/johnbellicchi-portfolio.blog-net.ch\/de\/wp-json\/wp\/v2\/pages\/761","targetHints":{"allow":["GET"]}}],"collection":[{"href":"https:\/\/johnbellicchi-portfolio.blog-net.ch\/de\/wp-json\/wp\/v2\/pages"}],"about":[{"href":"https:\/\/johnbellicchi-portfolio.blog-net.ch\/de\/wp-json\/wp\/v2\/types\/page"}],"author":[{"embeddable":true,"href":"https:\/\/johnbellicchi-portfolio.blog-net.ch\/de\/wp-json\/wp\/v2\/users\/2"}],"replies":[{"embeddable":true,"href":"https:\/\/johnbellicchi-portfolio.blog-net.ch\/de\/wp-json\/wp\/v2\/comments?post=761"}],"version-history":[{"count":5,"href":"https:\/\/johnbellicchi-portfolio.blog-net.ch\/de\/wp-json\/wp\/v2\/pages\/761\/revisions"}],"predecessor-version":[{"id":2341,"href":"https:\/\/johnbellicchi-portfolio.blog-net.ch\/de\/wp-json\/wp\/v2\/pages\/761\/revisions\/2341"}],"up":[{"embeddable":true,"href":"https:\/\/johnbellicchi-portfolio.blog-net.ch\/de\/wp-json\/wp\/v2\/pages\/42"}],"wp:attachment":[{"href":"https:\/\/johnbellicchi-portfolio.blog-net.ch\/de\/wp-json\/wp\/v2\/media?parent=761"}],"curies":[{"name":"wp","href":"https:\/\/api.w.org\/{rel}","templated":true}]}}