{"id":56,"date":"2009-02-07T11:33:15","date_gmt":"2009-02-07T10:33:15","guid":{"rendered":"http:\/\/wp1057439.wp029.webpack.hosteurope.de\/apps\/wp\/?page_id=56"},"modified":"2012-02-10T13:46:32","modified_gmt":"2012-02-10T12:46:32","slug":"graphic-design","status":"publish","type":"page","link":"https:\/\/johnbellicchi-portfolio.blog-net.ch\/de\/graphic-design\/","title":{"rendered":"Grafikdesign"},"content":{"rendered":"<p><\/p>\n<div class=\"articleSum\"><img loading=\"lazy\" decoding=\"async\" class=\"alignleft size-full wp-image-584\" src=\"\/wp-content\/uploads\/2009\/02\/64_trees.jpg\" alt=\"64_trees\" width=\"74\" height=\"64\" \/><\/p>\n<h1>Grafikdesign<\/h1>\n<\/div>\n<p><em>Ausschnitt aus einem Artikel von\u00a0Steve Glines\u00a0erschienen in The Wilderness House Literary Review #1 \/2 <\/em><\/p>\n<p>\u201dJohn Bellicchi ist einer der talentiertesten Menschen, die ich kenne. Ich traf ihn anfangs der 70er Jahre. John ist ein K\u00fcnstler, damals Grafikdesigner wie ich auch. Wir schlossen uns zusammen und nannten uns \u201dColors of the Sun, Graphic Design.\u201c Wir spezialisierten uns auf Markenbildung. Falls Sie nicht wissen, was gemeint ist, hier ist meine Visitenkarte:<\/p>\n<p><img loading=\"lazy\" decoding=\"async\" class=\"alignleft size-full wp-image-560\" src=\"\/wp-content\/uploads\/2009\/02\/sg.jpeg\" alt=\"sg\" width=\"377\" height=\"130\" srcset=\"https:\/\/johnbellicchi-portfolio.blog-net.ch\/files\/2009\/02\/sg.jpeg 377w, https:\/\/johnbellicchi-portfolio.blog-net.ch\/files\/2009\/02\/sg-300x103.jpg 300w\" sizes=\"auto, (max-width: 377px) 100vw, 377px\" \/><\/p>\n<p>Jeder Buchstabe meines Nachnamens ist aus dem damals sehr teuren Helvetica Fotosatz einzeln ausgeschnitten und manuell spationiert worden. Das war \u00fcbrigens lange bevor solche Feinarbeiten durch PCs spielend leicht wurden. John erledigte diese Arbeit von Hand, positionierte jeden Buchstaben exakt so, wie es seinem Empfinden nach sein sollte, liess dann eine Reproduktion anfertigen und \u00fcberarbeitete diese noch einmal. Er war dabei \u00e4u\u00dferst penibel.<\/p>\n<p>F\u00fcr unsere Visitenkarten w\u00e4hlten wir die hochwertigste Papierqualit\u00e4t, die wir bekommen konnten, liessen sie beidseitig und zweifarbig bedrucken, schwarz und ein sorgf\u00e4ltig ausgew\u00e4hltes, von Hand gemischtes Rot. Das Papier f\u00fchlte sich an wie etwas zwischen Feinkarton und Schafsfell. Es war das beste, das wir finden konnten, jedenfalls besser als was wir uns eigentlich h\u00e4tten leisten k\u00f6nnen, und auch der Zweifarbdruck vermittelte denjenigen Qualit\u00e4t, die Wertarbeit erkennen, wenn sie sie vor sich sehen \u2026\u201c<\/p>\n<\/p>\n<p><\/p>","protected":false},"excerpt":{"rendered":"<p>Grafikdesign Ausschnitt aus einem Artikel von\u00a0Steve Glines\u00a0erschienen in The Wilderness House Literary Review #1 \/2 \u201dJohn Bellicchi ist einer der talentiertesten Menschen, die ich kenne. Ich traf ihn anfangs der 70er Jahre. John ist ein K\u00fcnstler, damals Grafikdesigner wie ich auch. Wir schlossen uns zusammen und nannten uns \u201dColors of the Sun, Graphic Design.\u201c Wir [&hellip;]<\/p>\n","protected":false},"author":2,"featured_media":0,"parent":0,"menu_order":70,"comment_status":"closed","ping_status":"closed","template":"","meta":{"iawp_total_views":11,"footnotes":""},"class_list":["post-56","page","type-page","status-publish","hentry"],"_links":{"self":[{"href":"https:\/\/johnbellicchi-portfolio.blog-net.ch\/de\/wp-json\/wp\/v2\/pages\/56","targetHints":{"allow":["GET"]}}],"collection":[{"href":"https:\/\/johnbellicchi-portfolio.blog-net.ch\/de\/wp-json\/wp\/v2\/pages"}],"about":[{"href":"https:\/\/johnbellicchi-portfolio.blog-net.ch\/de\/wp-json\/wp\/v2\/types\/page"}],"author":[{"embeddable":true,"href":"https:\/\/johnbellicchi-portfolio.blog-net.ch\/de\/wp-json\/wp\/v2\/users\/2"}],"replies":[{"embeddable":true,"href":"https:\/\/johnbellicchi-portfolio.blog-net.ch\/de\/wp-json\/wp\/v2\/comments?post=56"}],"version-history":[{"count":5,"href":"https:\/\/johnbellicchi-portfolio.blog-net.ch\/de\/wp-json\/wp\/v2\/pages\/56\/revisions"}],"predecessor-version":[{"id":2687,"href":"https:\/\/johnbellicchi-portfolio.blog-net.ch\/de\/wp-json\/wp\/v2\/pages\/56\/revisions\/2687"}],"wp:attachment":[{"href":"https:\/\/johnbellicchi-portfolio.blog-net.ch\/de\/wp-json\/wp\/v2\/media?parent=56"}],"curies":[{"name":"wp","href":"https:\/\/api.w.org\/{rel}","templated":true}]}}