{"id":53,"date":"2009-02-07T11:30:40","date_gmt":"2009-02-07T10:30:40","guid":{"rendered":"http:\/\/wp1057439.wp029.webpack.hosteurope.de\/apps\/wp\/?page_id=53"},"modified":"2012-02-10T13:45:18","modified_gmt":"2012-02-10T12:45:18","slug":"painting","status":"publish","type":"page","link":"https:\/\/johnbellicchi-portfolio.blog-net.ch\/de\/painting\/","title":{"rendered":"Malerei"},"content":{"rendered":"<p><\/p>\n<div class=\"articleSum\"><img loading=\"lazy\" decoding=\"async\" class=\"alignleft size-full wp-image-582\" src=\"\/wp-content\/uploads\/2009\/02\/64-wilh.jpg\" alt=\"64-wilh\" width=\"64\" height=\"64\" \/><\/p>\n<div id=\"ez-toc-container\" class=\"ez-toc-v2_0_82_2 counter-hierarchy ez-toc-counter ez-toc-grey ez-toc-container-direction\">\n<div class=\"ez-toc-title-container\">\n<p class=\"ez-toc-title\" style=\"cursor:inherit\">Table of Contents<\/p>\n<span class=\"ez-toc-title-toggle\"><a href=\"#\" class=\"ez-toc-pull-right ez-toc-btn ez-toc-btn-xs ez-toc-btn-default ez-toc-toggle\" aria-label=\"Toggle Table of Content\"><span class=\"ez-toc-js-icon-con\"><span class=\"\"><span class=\"eztoc-hide\" style=\"display:none;\">Toggle<\/span><span class=\"ez-toc-icon-toggle-span\"><svg style=\"fill: #999;color:#999\" xmlns=\"http:\/\/www.w3.org\/2000\/svg\" class=\"list-377408\" width=\"20px\" height=\"20px\" viewBox=\"0 0 24 24\" fill=\"none\"><path d=\"M6 6H4v2h2V6zm14 0H8v2h12V6zM4 11h2v2H4v-2zm16 0H8v2h12v-2zM4 16h2v2H4v-2zm16 0H8v2h12v-2z\" fill=\"currentColor\"><\/path><\/svg><svg style=\"fill: #999;color:#999\" class=\"arrow-unsorted-368013\" xmlns=\"http:\/\/www.w3.org\/2000\/svg\" width=\"10px\" height=\"10px\" viewBox=\"0 0 24 24\" version=\"1.2\" baseProfile=\"tiny\"><path d=\"M18.2 9.3l-6.2-6.3-6.2 6.3c-.2.2-.3.4-.3.7s.1.5.3.7c.2.2.4.3.7.3h11c.3 0 .5-.1.7-.3.2-.2.3-.5.3-.7s-.1-.5-.3-.7zM5.8 14.7l6.2 6.3 6.2-6.3c.2-.2.3-.5.3-.7s-.1-.5-.3-.7c-.2-.2-.4-.3-.7-.3h-11c-.3 0-.5.1-.7.3-.2.2-.3.5-.3.7s.1.5.3.7z\"\/><\/svg><\/span><\/span><\/span><\/a><\/span><\/div>\n<nav><ul class='ez-toc-list ez-toc-list-level-1 ' ><li class='ez-toc-page-1 ez-toc-heading-level-1'><a class=\"ez-toc-link ez-toc-heading-1\" href=\"https:\/\/johnbellicchi-portfolio.blog-net.ch\/de\/painting\/#Malerei\" >Malerei<\/a><ul class='ez-toc-list-level-3' ><li class='ez-toc-heading-level-3'><ul class='ez-toc-list-level-3' ><li class='ez-toc-heading-level-3'><a class=\"ez-toc-link ez-toc-heading-2\" href=\"https:\/\/johnbellicchi-portfolio.blog-net.ch\/de\/painting\/#Koerperportraets\" >K\u00f6rperportr\u00e4ts<\/a><\/li><li class='ez-toc-page-1 ez-toc-heading-level-3'><a class=\"ez-toc-link ez-toc-heading-3\" href=\"https:\/\/johnbellicchi-portfolio.blog-net.ch\/de\/painting\/#Andere_Werke\" >Andere Werke<\/a><\/li><\/ul><\/li><\/ul><\/li><\/ul><\/nav><\/div>\n<h1><span class=\"ez-toc-section\" id=\"Malerei\"><\/span>Malerei<span class=\"ez-toc-section-end\"><\/span><\/h1>\n<\/div>\n<h3><span class=\"ez-toc-section\" id=\"Koerperportraets\"><\/span>K\u00f6rperportr\u00e4ts<span class=\"ez-toc-section-end\"><\/span><\/h3>\n<p>Diese\u00a0\u21d2<a href=\"?page_id=110\">Portr\u00e4ts<\/a> sind auf rohen Schleiernessel gemalt, der w\u00e4hrend des Malens auf ein frei stehendes Rahmengestell (2 Meter hoch, 1,50 Meter breit) gespannt war. (Diesen Ansatz habe ich bei der Malerin und Performance K\u00fcnstlerin Barbara Heinisch in einem ihrer Malkurse kennengelernt.) Ich stand dabei auf der einen Seite des Rahmens und die zu portr\u00e4tierende Person mir gegen\u00fcber auf der anderen, direkt an den halbtransparenten Stoff angelehnt. Das Gegen\u00fcber war meist nackt. Bei diesem Vorgehen ist es von einem bestimmten Moment an nicht mehr n\u00f6tig, dass die Person, die portr\u00e4tiert wird, auf der anderen Seite des Rahmens steht; sie kann von da an\u00a0zuschauen und beratend mitwirken.<\/p>\n<p>Der Entstehungsprozess ist ein stetes Entdecken: ich habe keine Ahnung habe, welches malerische Echo die physische und energetische Anwesenheit der betreffenden Person ausl\u00f6st und welches Bild dabei zum Vorschein kommt.<\/p>\n<p>Zum Schluss wird das Gem\u00e4lde vom Arbeitsrahmen entfernt und auf einen mit weisser Leinwand bespannten Rahmen gezogen, der als Untergrund dient.<\/p>\n<h3><span class=\"ez-toc-section\" id=\"Andere_Werke\"><\/span>Andere Werke<span class=\"ez-toc-section-end\"><\/span><\/h3>\n<p>Tiere \u2014 oder Gestalten, die an Tiere erinnern \u2014 treten h\u00e4ufig in meinen Gem\u00e4lden in Erscheinung.\u00a0Hier\u00a0\u00a0\u21d2<a href=\"?page_id=112\">einige Beispiele<\/a> zusammen mit anderen Werken.<\/p>\n<p><a href=\"?page_id=112\"><\/a><\/p>","protected":false},"excerpt":{"rendered":"<p>Malerei K\u00f6rperportr\u00e4ts Diese\u00a0\u21d2Portr\u00e4ts sind auf rohen Schleiernessel gemalt, der w\u00e4hrend des Malens auf ein frei stehendes Rahmengestell (2 Meter hoch, 1,50 Meter breit) gespannt war. (Diesen Ansatz habe ich bei der Malerin und Performance K\u00fcnstlerin Barbara Heinisch in einem ihrer Malkurse kennengelernt.) Ich stand dabei auf der einen Seite des Rahmens und die zu portr\u00e4tierende [&hellip;]<\/p>\n","protected":false},"author":2,"featured_media":0,"parent":0,"menu_order":60,"comment_status":"closed","ping_status":"closed","template":"","meta":{"iawp_total_views":18,"footnotes":""},"class_list":["post-53","page","type-page","status-publish","hentry"],"_links":{"self":[{"href":"https:\/\/johnbellicchi-portfolio.blog-net.ch\/de\/wp-json\/wp\/v2\/pages\/53","targetHints":{"allow":["GET"]}}],"collection":[{"href":"https:\/\/johnbellicchi-portfolio.blog-net.ch\/de\/wp-json\/wp\/v2\/pages"}],"about":[{"href":"https:\/\/johnbellicchi-portfolio.blog-net.ch\/de\/wp-json\/wp\/v2\/types\/page"}],"author":[{"embeddable":true,"href":"https:\/\/johnbellicchi-portfolio.blog-net.ch\/de\/wp-json\/wp\/v2\/users\/2"}],"replies":[{"embeddable":true,"href":"https:\/\/johnbellicchi-portfolio.blog-net.ch\/de\/wp-json\/wp\/v2\/comments?post=53"}],"version-history":[{"count":5,"href":"https:\/\/johnbellicchi-portfolio.blog-net.ch\/de\/wp-json\/wp\/v2\/pages\/53\/revisions"}],"predecessor-version":[{"id":2997,"href":"https:\/\/johnbellicchi-portfolio.blog-net.ch\/de\/wp-json\/wp\/v2\/pages\/53\/revisions\/2997"}],"wp:attachment":[{"href":"https:\/\/johnbellicchi-portfolio.blog-net.ch\/de\/wp-json\/wp\/v2\/media?parent=53"}],"curies":[{"name":"wp","href":"https:\/\/api.w.org\/{rel}","templated":true}]}}