{"id":46,"date":"2009-02-07T11:22:13","date_gmt":"2009-02-07T10:22:13","guid":{"rendered":"http:\/\/wp1057439.wp029.webpack.hosteurope.de\/apps\/wp\/?page_id=46"},"modified":"2012-02-10T13:37:52","modified_gmt":"2012-02-10T12:37:52","slug":"writing","status":"publish","type":"page","link":"https:\/\/johnbellicchi-portfolio.blog-net.ch\/de\/writing\/","title":{"rendered":"Schriftst\u00fccke"},"content":{"rendered":"<p><\/p>\n<div class=\"articleSum\"><img loading=\"lazy\" decoding=\"async\" style=\"border: 0pt none;\" src=\"\/wp-content\/uploads\/2009\/02\/writing.jpg\" alt=\"writing\" width=\"64\" height=\"64\" \/><\/p>\n<h1><span class=\"ez-toc-section\" id=\"Schriftstuecke\"><\/span>Schriftst\u00fccke<span class=\"ez-toc-section-end\"><\/span><\/h1>\n<\/div>\n<h3><span class=\"ez-toc-section\" id=\"Buch\"><\/span>Buch<span class=\"ez-toc-section-end\"><\/span><\/h3>\n<p>Ein Gef\u00fcge aus autobiografischen Fragmenten, Bewusstsein f\u00f6rdernden St\u00fccken und literarischen Versuchen. <a href=\"\/de\/writing\/book\/\">\u21d2 <strong>Liebe, Lust und Leben<\/strong><\/a> ist eine offenherzige, sehr pers\u00f6nliche und aufschlussreiche Erkundung in Sachen Sexualit\u00e4t, Spiritualit\u00e4t und anderer menschlicher Grundanliegen.<\/p>\n<p>Direkt bestellen bei \u21d2<a href=\"http:\/\/www.synergia-verlag.de\/liebe,-lust-und-leben-p-50840.html\"> SYNERGIA<\/a><\/p>\n<h3><span class=\"ez-toc-section\" id=\"Kurzgeschichte\"><\/span>Kurzgeschichte<span class=\"ez-toc-section-end\"><\/span><\/h3>\n<p>\u21d2 <a href=\"?page_id=316\"><strong>Sie, ihr nacktes Wesen<\/strong><\/a><\/p>\n<blockquote>\n<p>\u201dDie Oberfl\u00e4che ist nicht wirklich Oberfl\u00e4che,<\/p>\n<p>eigentlich eine Manifestation der Tiefe \u2026\u201c<\/p>\n<p><em>Filmregisseur Douglas Sirk<\/em><\/p>\n<\/blockquote>\n<h3><span class=\"ez-toc-section\" id=\"Gedichte\"><\/span>Gedichte<span class=\"ez-toc-section-end\"><\/span><\/h3>\n<p>\u21d2 <a href=\"?page_id=486\"><strong>Earth, Blue Earth<\/strong><\/a> Ausz\u00fcge aus einer Sammlung von kurzen, bildhaften Gedichten mit Illustrationen von Dale McNutt,  ver\u00f6ffentlicht 1974.<\/p>\n<p><\/p>","protected":false},"excerpt":{"rendered":"<p>Schriftst\u00fccke Buch Ein Gef\u00fcge aus autobiografischen Fragmenten, Bewusstsein f\u00f6rdernden St\u00fccken und literarischen Versuchen. \u21d2 Liebe, Lust und Leben ist eine offenherzige, sehr pers\u00f6nliche und aufschlussreiche Erkundung in Sachen Sexualit\u00e4t, Spiritualit\u00e4t und anderer menschlicher Grundanliegen. Direkt bestellen bei \u21d2 SYNERGIA Kurzgeschichte \u21d2 Sie, ihr nacktes Wesen \u201dDie Oberfl\u00e4che ist nicht wirklich Oberfl\u00e4che, eigentlich eine Manifestation der [&hellip;]<\/p>\n","protected":false},"author":2,"featured_media":0,"parent":0,"menu_order":50,"comment_status":"closed","ping_status":"closed","template":"","meta":{"iawp_total_views":22,"footnotes":""},"class_list":["post-46","page","type-page","status-publish","hentry"],"_links":{"self":[{"href":"https:\/\/johnbellicchi-portfolio.blog-net.ch\/de\/wp-json\/wp\/v2\/pages\/46","targetHints":{"allow":["GET"]}}],"collection":[{"href":"https:\/\/johnbellicchi-portfolio.blog-net.ch\/de\/wp-json\/wp\/v2\/pages"}],"about":[{"href":"https:\/\/johnbellicchi-portfolio.blog-net.ch\/de\/wp-json\/wp\/v2\/types\/page"}],"author":[{"embeddable":true,"href":"https:\/\/johnbellicchi-portfolio.blog-net.ch\/de\/wp-json\/wp\/v2\/users\/2"}],"replies":[{"embeddable":true,"href":"https:\/\/johnbellicchi-portfolio.blog-net.ch\/de\/wp-json\/wp\/v2\/comments?post=46"}],"version-history":[{"count":5,"href":"https:\/\/johnbellicchi-portfolio.blog-net.ch\/de\/wp-json\/wp\/v2\/pages\/46\/revisions"}],"predecessor-version":[{"id":2988,"href":"https:\/\/johnbellicchi-portfolio.blog-net.ch\/de\/wp-json\/wp\/v2\/pages\/46\/revisions\/2988"}],"wp:attachment":[{"href":"https:\/\/johnbellicchi-portfolio.blog-net.ch\/de\/wp-json\/wp\/v2\/media?parent=46"}],"curies":[{"name":"wp","href":"https:\/\/api.w.org\/{rel}","templated":true}]}}