{"id":33,"date":"2009-02-07T11:15:37","date_gmt":"2009-02-07T10:15:37","guid":{"rendered":"http:\/\/wp1057439.wp029.webpack.hosteurope.de\/apps\/wp\/?page_id=33"},"modified":"2012-10-05T21:04:04","modified_gmt":"2012-10-05T20:04:04","slug":"room-in-a-room","status":"publish","type":"page","link":"https:\/\/johnbellicchi-portfolio.blog-net.ch\/de\/room-in-a-room\/","title":{"rendered":"Raum im Raum"},"content":{"rendered":"<p><\/p>\n<div class=\"articleSum\">\n<div id=\"ez-toc-container\" class=\"ez-toc-v2_0_82_2 counter-hierarchy ez-toc-counter ez-toc-grey ez-toc-container-direction\">\n<div class=\"ez-toc-title-container\">\n<p class=\"ez-toc-title\" style=\"cursor:inherit\">Table of Contents<\/p>\n<span class=\"ez-toc-title-toggle\"><a href=\"#\" class=\"ez-toc-pull-right ez-toc-btn ez-toc-btn-xs ez-toc-btn-default ez-toc-toggle\" aria-label=\"Toggle Table of Content\"><span class=\"ez-toc-js-icon-con\"><span class=\"\"><span class=\"eztoc-hide\" style=\"display:none;\">Toggle<\/span><span class=\"ez-toc-icon-toggle-span\"><svg style=\"fill: #999;color:#999\" xmlns=\"http:\/\/www.w3.org\/2000\/svg\" class=\"list-377408\" width=\"20px\" height=\"20px\" viewBox=\"0 0 24 24\" fill=\"none\"><path d=\"M6 6H4v2h2V6zm14 0H8v2h12V6zM4 11h2v2H4v-2zm16 0H8v2h12v-2zM4 16h2v2H4v-2zm16 0H8v2h12v-2z\" fill=\"currentColor\"><\/path><\/svg><svg style=\"fill: #999;color:#999\" class=\"arrow-unsorted-368013\" xmlns=\"http:\/\/www.w3.org\/2000\/svg\" width=\"10px\" height=\"10px\" viewBox=\"0 0 24 24\" version=\"1.2\" baseProfile=\"tiny\"><path d=\"M18.2 9.3l-6.2-6.3-6.2 6.3c-.2.2-.3.4-.3.7s.1.5.3.7c.2.2.4.3.7.3h11c.3 0 .5-.1.7-.3.2-.2.3-.5.3-.7s-.1-.5-.3-.7zM5.8 14.7l6.2 6.3 6.2-6.3c.2-.2.3-.5.3-.7s-.1-.5-.3-.7c-.2-.2-.4-.3-.7-.3h-11c-.3 0-.5.1-.7.3-.2.2-.3.5-.3.7s.1.5.3.7z\"\/><\/svg><\/span><\/span><\/span><\/a><\/span><\/div>\n<nav><ul class='ez-toc-list ez-toc-list-level-1 ' ><li class='ez-toc-page-1 ez-toc-heading-level-1'><a class=\"ez-toc-link ez-toc-heading-1\" href=\"https:\/\/johnbellicchi-portfolio.blog-net.ch\/de\/room-in-a-room\/#Raum_im_Raum\" >Raum im Raum<\/a><ul class='ez-toc-list-level-3' ><li class='ez-toc-heading-level-3'><ul class='ez-toc-list-level-3' ><li class='ez-toc-heading-level-3'><a class=\"ez-toc-link ez-toc-heading-2\" href=\"https:\/\/johnbellicchi-portfolio.blog-net.ch\/de\/room-in-a-room\/#Ein_3-dimensionales_Erlebnis_in_einer_zunehmend_2-dimensionalen_Bildschirmwelt\" >Ein 3-dimensionales Erlebnis in einer zunehmend 2-dimensionalen Bildschirmwelt.<\/a><\/li><li class='ez-toc-page-1 ez-toc-heading-level-3'><a class=\"ez-toc-link ez-toc-heading-3\" href=\"https:\/\/johnbellicchi-portfolio.blog-net.ch\/de\/room-in-a-room\/#Vom_Profanen_zum_Heiligen_die_Vision_vom_Raum_im_Raum\" >Vom Profanen zum Heiligen: die Vision vom Raum im Raum<\/a><\/li><\/ul><\/li><\/ul><\/li><\/ul><\/nav><\/div>\n<h1><span class=\"ez-toc-section\" id=\"Raum_im_Raum\"><\/span>Raum im Raum<span class=\"ez-toc-section-end\"><\/span><\/h1>\n<h3><span class=\"ez-toc-section\" id=\"Ein_3-dimensionales_Erlebnis_in_einer_zunehmend_2-dimensionalen_Bildschirmwelt\"><\/span>Ein 3-dimensionales Erlebnis in einer zunehmend 2-dimensionalen Bildschirmwelt.<span class=\"ez-toc-section-end\"><\/span><\/h3>\n<\/div>\n<h3><span class=\"ez-toc-section\" id=\"Vom_Profanen_zum_Heiligen_die_Vision_vom_Raum_im_Raum\"><\/span>Vom Profanen zum Heiligen: die Vision vom Raum im Raum<span class=\"ez-toc-section-end\"><\/span><\/h3>\n<p>Vergeblich hatte ich versucht einzuschlafen. Ich stand auf, ging ins Wohnzimmer und schaltete den Fernseher ein. Beim Zappen durch die Kan\u00e4le stie\u00df ich auf Rockmusik, die mich in ihren Bann zog. Sie wurde von einem verschl\u00fcsselten Sender ausgestrahlt, bei dem das Bild unkenntlich gemacht der Ton aber v\u00f6llig intakt ist. Rasch erwies sich der Kanal als Pornokanal, einer von jenen, die nur nach Mitternacht senden. Nicht schlecht fand ich die Musik, der Beat war ausgesprochen sexy. Die T\u00f6ne, die der Mann und die Frau von sich gaben, w\u00e4hrend sie heftig miteinander zugange waren, waren auch nicht so \u00fcbel. Zumindest h\u00f6rten sie sich echt an, also nicht synchronisiert.<\/p>\n<p>Ich fing an zu tanzen, was schon seit Jahren nicht mehr vorgekommen war. (Zur Orientierung: Echte Begeisterung f\u00fcrs Tanzen hatte ich zuletzt Ende der 70er, Anfang der 80er Jahre, damals als die Diskos boomten.) Ich hielt meine Augen geschlossen. Da sah ich pl\u00f6tzlich diesen Raum im Raum. Er war rechteckig, nach oben hin offen und hatte zwei diagonal gegen\u00fcberliegende Portale jeweils am Ende der l\u00e4ngeren W\u00e4nde; jedes Portal hatte einen Schwellenabsatz \u2014 zum Ein- und Austritt je zwei Stufen auf- und abw\u00e4rts. Vom Profanen zum Heiligen, dachte ich, denn mir wurde bewusst, dass der Raum den gr\u00f6\u00dferen Raum in einen Innen- und einen Au\u00dfenbereich aufteilte, wodurch der innere Raum etwas Heiliges bekam. Eine Art Sanktuarium.<\/p>\n<p>In den darauf folgenden Tagen und Wochen kamen mir mehrere M\u00f6glichkeiten in den Sinn, wie der Raum genutzt werden k\u00f6nnte. Zum Beispiel in einem Seminar als Kammer, in die man hineingehen kann, um etwas aus sich heraus zu bringen. An die W\u00e4nde. Ich sah, wie Leute direkt an die W\u00e4nde schreiben, zeichnen und malen. Ich stellte mir vor, wie Jugendliche sich solch einen Raum selbst bauen w\u00fcrden. Lass sie einen Raum bauen, um ihn einzunehmen. Was sie au\u00dfen bauen, bauen sie innen.<\/p>\n<p><\/p>","protected":false},"excerpt":{"rendered":"<p>Raum im Raum Ein 3-dimensionales Erlebnis in einer zunehmend 2-dimensionalen Bildschirmwelt. Vom Profanen zum Heiligen: die Vision vom Raum im Raum Vergeblich hatte ich versucht einzuschlafen. Ich stand auf, ging ins Wohnzimmer und schaltete den Fernseher ein. Beim Zappen durch die Kan\u00e4le stie\u00df ich auf Rockmusik, die mich in ihren Bann zog. Sie wurde von [&hellip;]<\/p>\n","protected":false},"author":2,"featured_media":0,"parent":0,"menu_order":30,"comment_status":"open","ping_status":"open","template":"","meta":{"iawp_total_views":63,"footnotes":""},"class_list":["post-33","page","type-page","status-publish","hentry"],"_links":{"self":[{"href":"https:\/\/johnbellicchi-portfolio.blog-net.ch\/de\/wp-json\/wp\/v2\/pages\/33","targetHints":{"allow":["GET"]}}],"collection":[{"href":"https:\/\/johnbellicchi-portfolio.blog-net.ch\/de\/wp-json\/wp\/v2\/pages"}],"about":[{"href":"https:\/\/johnbellicchi-portfolio.blog-net.ch\/de\/wp-json\/wp\/v2\/types\/page"}],"author":[{"embeddable":true,"href":"https:\/\/johnbellicchi-portfolio.blog-net.ch\/de\/wp-json\/wp\/v2\/users\/2"}],"replies":[{"embeddable":true,"href":"https:\/\/johnbellicchi-portfolio.blog-net.ch\/de\/wp-json\/wp\/v2\/comments?post=33"}],"version-history":[{"count":5,"href":"https:\/\/johnbellicchi-portfolio.blog-net.ch\/de\/wp-json\/wp\/v2\/pages\/33\/revisions"}],"predecessor-version":[{"id":3039,"href":"https:\/\/johnbellicchi-portfolio.blog-net.ch\/de\/wp-json\/wp\/v2\/pages\/33\/revisions\/3039"}],"wp:attachment":[{"href":"https:\/\/johnbellicchi-portfolio.blog-net.ch\/de\/wp-json\/wp\/v2\/media?parent=33"}],"curies":[{"name":"wp","href":"https:\/\/api.w.org\/{rel}","templated":true}]}}