{"id":32,"date":"2009-02-07T11:12:07","date_gmt":"2009-02-07T10:12:07","guid":{"rendered":"http:\/\/wp1057439.wp029.webpack.hosteurope.de\/apps\/wp\/?page_id=32"},"modified":"2024-10-06T14:51:47","modified_gmt":"2024-10-06T13:51:47","slug":"imprint","status":"publish","type":"page","link":"https:\/\/johnbellicchi-portfolio.blog-net.ch\/de\/imprint\/","title":{"rendered":"Impressum"},"content":{"rendered":"<p><\/p>\n<div class=\"articleSum\">\n<div id=\"ez-toc-container\" class=\"ez-toc-v2_0_82_2 counter-hierarchy ez-toc-counter ez-toc-grey ez-toc-container-direction\">\n<div class=\"ez-toc-title-container\">\n<p class=\"ez-toc-title\" style=\"cursor:inherit\">Table of Contents<\/p>\n<span class=\"ez-toc-title-toggle\"><a href=\"#\" class=\"ez-toc-pull-right ez-toc-btn ez-toc-btn-xs ez-toc-btn-default ez-toc-toggle\" aria-label=\"Toggle Table of Content\"><span class=\"ez-toc-js-icon-con\"><span class=\"\"><span class=\"eztoc-hide\" style=\"display:none;\">Toggle<\/span><span class=\"ez-toc-icon-toggle-span\"><svg style=\"fill: #999;color:#999\" xmlns=\"http:\/\/www.w3.org\/2000\/svg\" class=\"list-377408\" width=\"20px\" height=\"20px\" viewBox=\"0 0 24 24\" fill=\"none\"><path d=\"M6 6H4v2h2V6zm14 0H8v2h12V6zM4 11h2v2H4v-2zm16 0H8v2h12v-2zM4 16h2v2H4v-2zm16 0H8v2h12v-2z\" fill=\"currentColor\"><\/path><\/svg><svg style=\"fill: #999;color:#999\" class=\"arrow-unsorted-368013\" xmlns=\"http:\/\/www.w3.org\/2000\/svg\" width=\"10px\" height=\"10px\" viewBox=\"0 0 24 24\" version=\"1.2\" baseProfile=\"tiny\"><path d=\"M18.2 9.3l-6.2-6.3-6.2 6.3c-.2.2-.3.4-.3.7s.1.5.3.7c.2.2.4.3.7.3h11c.3 0 .5-.1.7-.3.2-.2.3-.5.3-.7s-.1-.5-.3-.7zM5.8 14.7l6.2 6.3 6.2-6.3c.2-.2.3-.5.3-.7s-.1-.5-.3-.7c-.2-.2-.4-.3-.7-.3h-11c-.3 0-.5.1-.7.3-.2.2-.3.5-.3.7s.1.5.3.7z\"\/><\/svg><\/span><\/span><\/span><\/a><\/span><\/div>\n<nav><ul class='ez-toc-list ez-toc-list-level-1 ' ><li class='ez-toc-page-1 ez-toc-heading-level-1'><a class=\"ez-toc-link ez-toc-heading-1\" href=\"https:\/\/johnbellicchi-portfolio.blog-net.ch\/de\/imprint\/#i\" >&nbsp;<\/a><ul class='ez-toc-list-level-3' ><li class='ez-toc-heading-level-3'><ul class='ez-toc-list-level-3' ><li class='ez-toc-heading-level-3'><a class=\"ez-toc-link ez-toc-heading-2\" href=\"https:\/\/johnbellicchi-portfolio.blog-net.ch\/de\/imprint\/#Webpraesentation\" >Webpr\u00e4sentation<\/a><\/li><li class='ez-toc-page-1 ez-toc-heading-level-3'><a class=\"ez-toc-link ez-toc-heading-3\" href=\"https:\/\/johnbellicchi-portfolio.blog-net.ch\/de\/imprint\/#Die_Entstehung_dieser_Website_beruht_auf\" >Die Entstehung dieser Website beruht auf<\/a><\/li><li class='ez-toc-page-1 ez-toc-heading-level-3'><a class=\"ez-toc-link ez-toc-heading-4\" href=\"https:\/\/johnbellicchi-portfolio.blog-net.ch\/de\/imprint\/#Haftungshinweis\" >Haftungshinweis<\/a><\/li><\/ul><\/li><\/ul><\/li><\/ul><\/nav><\/div>\n<h1><span class=\"ez-toc-section\" id=\"i\"><\/span>&nbsp;<span class=\"ez-toc-section-end\"><\/span><\/h1>\n<\/div>\n<h3><span class=\"ez-toc-section\" id=\"Webpraesentation\"><\/span>Webpr\u00e4sentation<span class=\"ez-toc-section-end\"><\/span><\/h3>\n<p>John Bellicchi ist am 13. Januar 2021 verstorben.<\/p>\n<p>Bitte wenden Sie sich an <a href=\"https:\/\/johnbellicchi-memorial.blog-net.ch\/\">John Bellicchi Memorial<\/a><\/p>\n<h3><span class=\"ez-toc-section\" id=\"Die_Entstehung_dieser_Website_beruht_auf\"><\/span>Die Entstehung dieser Website beruht auf<span class=\"ez-toc-section-end\"><\/span><\/h3>\n<ul>\n<li>der Pr\u00e4sentationsarbeit meiner lieben, verstorbenen Frau Johanna Br\u00fccher<\/li>\n<li>dem Gestaltungskonzept von Felix Guder von&nbsp;<a title=\"Design by Felix Guder\" href=\"http:\/\/www.iconstorm.de\/\" target=\"_blank\" rel=\"noopener\">Iconstorm<\/a><\/li>\n<li>der&nbsp;<a href=\"http:\/\/wordpress.org\" target=\"_blank\" rel=\"noopener\">WordPress<\/a> Themenadaption durch&nbsp;<a title=\"Theme adaptation by Daniel Heiniger\" href=\"http:\/\/www.heiniger-net.ch\/\" target=\"_blank\" rel=\"noopener\">Daniel Heiniger<\/a><\/li>\n<li>der Publikationsplattform <a title=\"Multiflex 5 WordPress Theme\" href=\"http:\/\/www.themelab.com\/2008\/04\/09\/wp-multiflex-5-free-wordpress-theme-44\/\" target=\"_blank\" rel=\"noopener\">WP Multiflex 5<\/a> von&nbsp;<a title=\"Free WordPress Themes\" href=\"http:\/\/www.themelab.com\/\" target=\"_blank\" rel=\"noopener\">Theme Lab<\/a><\/li>\n<li>der von <a href=\"http:\/\/heinigerengineering.ch\" target=\"_blank\" rel=\"noopener\">Heiniger Engineering<\/a> gesponserten Hosting-Plattform <a href=\"http:\/\/blog-net.ch\" target=\"_blank\" rel=\"noopener\">Blog-Net Schweiz<\/a><\/li>\n<\/ul>\n<h3><span class=\"ez-toc-section\" id=\"Haftungshinweis\"><\/span>Haftungshinweis<span class=\"ez-toc-section-end\"><\/span><\/h3>\n<p>Obwohl wir sie sorgf\u00e4ltig \u00fcberpr\u00fcfen, \u00fcbernehmen wir keine Haftung f\u00fcr die Inhalte externer Links. F\u00fcr den Inhalt der verlinkten Seiten sind ausschliesslich deren Betreiber verantwortlich.<\/p>","protected":false},"excerpt":{"rendered":"<p>&nbsp; Webpr\u00e4sentation John Bellicchi ist am 13. Januar 2021 verstorben. Bitte wenden Sie sich an John Bellicchi Memorial Die Entstehung dieser Website beruht auf der Pr\u00e4sentationsarbeit meiner lieben, verstorbenen Frau Johanna Br\u00fccher dem Gestaltungskonzept von Felix Guder von&nbsp;Iconstorm der&nbsp;WordPress Themenadaption durch&nbsp;Daniel Heiniger der Publikationsplattform WP Multiflex 5 von&nbsp;Theme Lab der von Heiniger Engineering gesponserten Hosting-Plattform [&hellip;]<\/p>\n","protected":false},"author":2,"featured_media":0,"parent":0,"menu_order":220,"comment_status":"closed","ping_status":"closed","template":"","meta":{"iawp_total_views":20,"footnotes":""},"class_list":["post-32","page","type-page","status-publish","hentry"],"_links":{"self":[{"href":"https:\/\/johnbellicchi-portfolio.blog-net.ch\/de\/wp-json\/wp\/v2\/pages\/32","targetHints":{"allow":["GET"]}}],"collection":[{"href":"https:\/\/johnbellicchi-portfolio.blog-net.ch\/de\/wp-json\/wp\/v2\/pages"}],"about":[{"href":"https:\/\/johnbellicchi-portfolio.blog-net.ch\/de\/wp-json\/wp\/v2\/types\/page"}],"author":[{"embeddable":true,"href":"https:\/\/johnbellicchi-portfolio.blog-net.ch\/de\/wp-json\/wp\/v2\/users\/2"}],"replies":[{"embeddable":true,"href":"https:\/\/johnbellicchi-portfolio.blog-net.ch\/de\/wp-json\/wp\/v2\/comments?post=32"}],"version-history":[{"count":5,"href":"https:\/\/johnbellicchi-portfolio.blog-net.ch\/de\/wp-json\/wp\/v2\/pages\/32\/revisions"}],"predecessor-version":[{"id":6174,"href":"https:\/\/johnbellicchi-portfolio.blog-net.ch\/de\/wp-json\/wp\/v2\/pages\/32\/revisions\/6174"}],"wp:attachment":[{"href":"https:\/\/johnbellicchi-portfolio.blog-net.ch\/de\/wp-json\/wp\/v2\/media?parent=32"}],"curies":[{"name":"wp","href":"https:\/\/api.w.org\/{rel}","templated":true}]}}