{"id":2709,"date":"2011-02-08T10:17:41","date_gmt":"2011-02-08T09:17:41","guid":{"rendered":"http:\/\/johnbellicchi-portfolio.blog-net.ch\/"},"modified":"2011-10-06T20:54:40","modified_gmt":"2011-10-06T19:54:40","slug":"liebelust","status":"publish","type":"page","link":"https:\/\/johnbellicchi-portfolio.blog-net.ch\/de\/seminars\/liebelust\/","title":{"rendered":"Liebe, Lust + Partnerschaft"},"content":{"rendered":"<p><\/p>\n<div class=\"articleSum\"><img loading=\"lazy\" decoding=\"async\" src=\"http:\/\/johnbellicchi-portfolio.blog-net.ch\/files\/2011\/02\/liebelust_64.jpg\" alt=\"\" title=\"liebelust_64\" width=\"67\" height=\"64\" class=\"alignleft size-full wp-image-2828\" \/><\/p>\n<p><img style=\"border: 0pt none;\" alt=\"\" \/><\/p>\n<div id=\"ez-toc-container\" class=\"ez-toc-v2_0_82_2 counter-hierarchy ez-toc-counter ez-toc-grey ez-toc-container-direction\">\n<div class=\"ez-toc-title-container\">\n<p class=\"ez-toc-title\" style=\"cursor:inherit\">Table of Contents<\/p>\n<span class=\"ez-toc-title-toggle\"><a href=\"#\" class=\"ez-toc-pull-right ez-toc-btn ez-toc-btn-xs ez-toc-btn-default ez-toc-toggle\" aria-label=\"Toggle Table of Content\"><span class=\"ez-toc-js-icon-con\"><span class=\"\"><span class=\"eztoc-hide\" style=\"display:none;\">Toggle<\/span><span class=\"ez-toc-icon-toggle-span\"><svg style=\"fill: #999;color:#999\" xmlns=\"http:\/\/www.w3.org\/2000\/svg\" class=\"list-377408\" width=\"20px\" height=\"20px\" viewBox=\"0 0 24 24\" fill=\"none\"><path d=\"M6 6H4v2h2V6zm14 0H8v2h12V6zM4 11h2v2H4v-2zm16 0H8v2h12v-2zM4 16h2v2H4v-2zm16 0H8v2h12v-2z\" fill=\"currentColor\"><\/path><\/svg><svg style=\"fill: #999;color:#999\" class=\"arrow-unsorted-368013\" xmlns=\"http:\/\/www.w3.org\/2000\/svg\" width=\"10px\" height=\"10px\" viewBox=\"0 0 24 24\" version=\"1.2\" baseProfile=\"tiny\"><path d=\"M18.2 9.3l-6.2-6.3-6.2 6.3c-.2.2-.3.4-.3.7s.1.5.3.7c.2.2.4.3.7.3h11c.3 0 .5-.1.7-.3.2-.2.3-.5.3-.7s-.1-.5-.3-.7zM5.8 14.7l6.2 6.3 6.2-6.3c.2-.2.3-.5.3-.7s-.1-.5-.3-.7c-.2-.2-.4-.3-.7-.3h-11c-.3 0-.5.1-.7.3-.2.2-.3.5-.3.7s.1.5.3.7z\"\/><\/svg><\/span><\/span><\/span><\/a><\/span><\/div>\n<nav><ul class='ez-toc-list ez-toc-list-level-1 ' ><li class='ez-toc-page-1 ez-toc-heading-level-1'><a class=\"ez-toc-link ez-toc-heading-1\" href=\"https:\/\/johnbellicchi-portfolio.blog-net.ch\/de\/seminars\/liebelust\/#Liebe_Lust_und_Partnerschaft\" >Liebe, Lust und Partnerschaft<\/a><ul class='ez-toc-list-level-3' ><li class='ez-toc-heading-level-3'><ul class='ez-toc-list-level-3' ><li class='ez-toc-heading-level-3'><a class=\"ez-toc-link ez-toc-heading-2\" href=\"https:\/\/johnbellicchi-portfolio.blog-net.ch\/de\/seminars\/liebelust\/#Was_funktioniert_und_was_nicht_funktioniert\" >Was funktioniert und was nicht funktioniert<\/a><\/li><li class='ez-toc-page-1 ez-toc-heading-level-3'><a class=\"ez-toc-link ez-toc-heading-3\" href=\"https:\/\/johnbellicchi-portfolio.blog-net.ch\/de\/seminars\/liebelust\/#In_diesem_Seminar_befassen_wir_uns_mit_Themen_wie\" >In diesem Seminar befassen wir uns mit Themen wie:<\/a><\/li><li class='ez-toc-page-1 ez-toc-heading-level-3'><a class=\"ez-toc-link ez-toc-heading-4\" href=\"https:\/\/johnbellicchi-portfolio.blog-net.ch\/de\/seminars\/liebelust\/#Was_du_durch_eine_Teilnahme_bekommen_kannst\" >Was du durch eine Teilnahme bekommen kannst:<\/a><\/li><li class='ez-toc-page-1 ez-toc-heading-level-3'><a class=\"ez-toc-link ez-toc-heading-5\" href=\"https:\/\/johnbellicchi-portfolio.blog-net.ch\/de\/seminars\/liebelust\/#Ist_das_Seminar_nur_fuer_Paare\" >Ist das Seminar nur f\u00fcr Paare?<\/a><\/li><\/ul><\/li><\/ul><\/li><\/ul><\/nav><\/div>\n<h1><span class=\"ez-toc-section\" id=\"Liebe_Lust_und_Partnerschaft\"><\/span>Liebe, Lust und Partnerschaft<span class=\"ez-toc-section-end\"><\/span><\/h1>\n<h3><span class=\"ez-toc-section\" id=\"Was_funktioniert_und_was_nicht_funktioniert\"><\/span>Was funktioniert und was nicht funktioniert<span class=\"ez-toc-section-end\"><\/span><\/h3>\n<\/div>\n<p>\u00bbWer tr\u00e4umt nicht davon, unbeschwert und anstrengungslos eine gl\u00fcckliche Liebesbeziehung zu leben? Die Wirklichkeit wirft uns gew\u00f6hnlich \u2014 und zu Recht \u2014 auf uns selbst und unsere irrt\u00fcmlichen Annahmen zur\u00fcck. Das Ich gegen\u00fcber dem Du, Treue gegen\u00fcber Freiheit \u2014 das Lieben verlangt uns von mitunter, dass wir uns unseren \u00c4ngsten und Sehns\u00fcchten stellen und das bekr\u00e4ftigen, was wir wirklich wollen. Korrekturen sind immer wieder erforderlich, wenn wir nicht wollen, dass sich der Traum in einen Alptraum verwandelt.\u00ab <em>Zitat von John Bellicchi<\/em><\/p>\n<h3><span class=\"ez-toc-section\" id=\"In_diesem_Seminar_befassen_wir_uns_mit_Themen_wie\"><\/span>In diesem Seminar befassen wir uns mit Themen wie:<span class=\"ez-toc-section-end\"><\/span><\/h3>\n<ul>\n<li>Konkurrenz und Eifersucht<\/li>\n<li> Bed\u00fcrfnis nach emotionaler Sicherheit<\/li>\n<li> K\u00f6rperliche Intimit\u00e4t<\/li>\n<li> Die Bedeutung von Grenzen (\u2026 setzen, achten, \u00fcberschreiten)<\/li>\n<li> Leidenschaft und Aggression<\/li>\n<li> Vertrauen und Kontrolle<\/li>\n<li> Die Unterschiede zwischen den Geschlechtern respektieren<\/li>\n<\/ul>\n<h3><span class=\"ez-toc-section\" id=\"Was_du_durch_eine_Teilnahme_bekommen_kannst\"><\/span>Was du durch eine Teilnahme bekommen kannst:<span class=\"ez-toc-section-end\"><\/span><\/h3>\n<ul>\n<li>Wertvolle Einsichten in diese komplexe und emotional geladenen Thematik<\/li>\n<li> Klarheit \u00fcber die eigenen Bed\u00fcrfnisse und W\u00fcnsche<\/li>\n<li> Mut, deine Herzensangelegenheiten auszudr\u00fccken<\/li>\n<li> Anregende Impulse<\/li>\n<li> Spielregeln f\u00fcrs Liebesleben<\/li>\n<li> Die Erfahrung, ganz gegenw\u00e4rtig zu sein, in Verbindung mit der inneren und der \u00e4u\u00dferen Welt.<\/li>\n<\/ul>\n<h3><span class=\"ez-toc-section\" id=\"Ist_das_Seminar_nur_fuer_Paare\"><\/span>Ist das Seminar nur f\u00fcr Paare?<span class=\"ez-toc-section-end\"><\/span><\/h3>\n<p>Die Komplexit\u00e4t der Thematik stellt uns stets vor neue Herausforderungen, gleich ob wir aktuell in einer Liebesbeziehung sind oder nicht. Das Seminar ist nat\u00fcrlich ideal f\u00fcr Paare, doch der Fokus ist jeweils auf die einzelne Person gerichtet.<br \/>\n<\/p>","protected":false},"excerpt":{"rendered":"<p>Liebe, Lust und Partnerschaft Was funktioniert und was nicht funktioniert \u00bbWer tr\u00e4umt nicht davon, unbeschwert und anstrengungslos eine gl\u00fcckliche Liebesbeziehung zu leben? Die Wirklichkeit wirft uns gew\u00f6hnlich \u2014 und zu Recht \u2014 auf uns selbst und unsere irrt\u00fcmlichen Annahmen zur\u00fcck. Das Ich gegen\u00fcber dem Du, Treue gegen\u00fcber Freiheit \u2014 das Lieben verlangt uns von mitunter, [&hellip;]<\/p>\n","protected":false},"author":8,"featured_media":0,"parent":21,"menu_order":10,"comment_status":"closed","ping_status":"closed","template":"","meta":{"iawp_total_views":49,"footnotes":""},"class_list":["post-2709","page","type-page","status-publish","hentry"],"_links":{"self":[{"href":"https:\/\/johnbellicchi-portfolio.blog-net.ch\/de\/wp-json\/wp\/v2\/pages\/2709","targetHints":{"allow":["GET"]}}],"collection":[{"href":"https:\/\/johnbellicchi-portfolio.blog-net.ch\/de\/wp-json\/wp\/v2\/pages"}],"about":[{"href":"https:\/\/johnbellicchi-portfolio.blog-net.ch\/de\/wp-json\/wp\/v2\/types\/page"}],"author":[{"embeddable":true,"href":"https:\/\/johnbellicchi-portfolio.blog-net.ch\/de\/wp-json\/wp\/v2\/users\/8"}],"replies":[{"embeddable":true,"href":"https:\/\/johnbellicchi-portfolio.blog-net.ch\/de\/wp-json\/wp\/v2\/comments?post=2709"}],"version-history":[{"count":5,"href":"https:\/\/johnbellicchi-portfolio.blog-net.ch\/de\/wp-json\/wp\/v2\/pages\/2709\/revisions"}],"predecessor-version":[{"id":2948,"href":"https:\/\/johnbellicchi-portfolio.blog-net.ch\/de\/wp-json\/wp\/v2\/pages\/2709\/revisions\/2948"}],"up":[{"embeddable":true,"href":"https:\/\/johnbellicchi-portfolio.blog-net.ch\/de\/wp-json\/wp\/v2\/pages\/21"}],"wp:attachment":[{"href":"https:\/\/johnbellicchi-portfolio.blog-net.ch\/de\/wp-json\/wp\/v2\/media?parent=2709"}],"curies":[{"name":"wp","href":"https:\/\/api.w.org\/{rel}","templated":true}]}}