{"id":2124,"date":"2009-07-24T23:21:48","date_gmt":"2009-07-24T22:21:48","guid":{"rendered":"http:\/\/www.johnbellicchi.de\/?page_id=2124"},"modified":"2012-02-10T13:52:40","modified_gmt":"2012-02-10T12:52:40","slug":"recent-work","status":"publish","type":"page","link":"https:\/\/johnbellicchi-portfolio.blog-net.ch\/de\/graphic-design\/recent-work\/","title":{"rendered":"Neuere Arbeiten"},"content":{"rendered":"<p><\/p>\n<div class=\"articleSum\">\n<div id=\"ez-toc-container\" class=\"ez-toc-v2_0_82_2 counter-hierarchy ez-toc-counter ez-toc-grey ez-toc-container-direction\">\n<div class=\"ez-toc-title-container\">\n<p class=\"ez-toc-title\" style=\"cursor:inherit\">Table of Contents<\/p>\n<span class=\"ez-toc-title-toggle\"><a href=\"#\" class=\"ez-toc-pull-right ez-toc-btn ez-toc-btn-xs ez-toc-btn-default ez-toc-toggle\" aria-label=\"Toggle Table of Content\"><span class=\"ez-toc-js-icon-con\"><span class=\"\"><span class=\"eztoc-hide\" style=\"display:none;\">Toggle<\/span><span class=\"ez-toc-icon-toggle-span\"><svg style=\"fill: #999;color:#999\" xmlns=\"http:\/\/www.w3.org\/2000\/svg\" class=\"list-377408\" width=\"20px\" height=\"20px\" viewBox=\"0 0 24 24\" fill=\"none\"><path d=\"M6 6H4v2h2V6zm14 0H8v2h12V6zM4 11h2v2H4v-2zm16 0H8v2h12v-2zM4 16h2v2H4v-2zm16 0H8v2h12v-2z\" fill=\"currentColor\"><\/path><\/svg><svg style=\"fill: #999;color:#999\" class=\"arrow-unsorted-368013\" xmlns=\"http:\/\/www.w3.org\/2000\/svg\" width=\"10px\" height=\"10px\" viewBox=\"0 0 24 24\" version=\"1.2\" baseProfile=\"tiny\"><path d=\"M18.2 9.3l-6.2-6.3-6.2 6.3c-.2.2-.3.4-.3.7s.1.5.3.7c.2.2.4.3.7.3h11c.3 0 .5-.1.7-.3.2-.2.3-.5.3-.7s-.1-.5-.3-.7zM5.8 14.7l6.2 6.3 6.2-6.3c.2-.2.3-.5.3-.7s-.1-.5-.3-.7c-.2-.2-.4-.3-.7-.3h-11c-.3 0-.5.1-.7.3-.2.2-.3.5-.3.7s.1.5.3.7z\"\/><\/svg><\/span><\/span><\/span><\/a><\/span><\/div>\n<nav><ul class='ez-toc-list ez-toc-list-level-1 ' ><li class='ez-toc-page-1 ez-toc-heading-level-1'><a class=\"ez-toc-link ez-toc-heading-1\" href=\"https:\/\/johnbellicchi-portfolio.blog-net.ch\/de\/graphic-design\/recent-work\/#Neuere_Arbeiten_%E2%80%93_2008\" >Neuere Arbeiten &#8211; 2008<\/a><ul class='ez-toc-list-level-3' ><li class='ez-toc-heading-level-3'><ul class='ez-toc-list-level-3' ><li class='ez-toc-heading-level-3'><a class=\"ez-toc-link ez-toc-heading-2\" href=\"https:\/\/johnbellicchi-portfolio.blog-net.ch\/de\/graphic-design\/recent-work\/#4_Logo-Entwuerfe_fuer_eine_Geschaeftsidee_die_auf_dem_Raum_im_Raum_Konzept_beruht\" >4 Logo-Entw\u00fcrfe f\u00fcr eine Gesch\u00e4ftsidee, die auf dem Raum im Raum Konzept beruht<\/a><\/li><\/ul><\/li><\/ul><\/li><\/ul><\/nav><\/div>\n<h1><span class=\"ez-toc-section\" id=\"Neuere_Arbeiten_%E2%80%93_2008\"><\/span>Neuere Arbeiten &#8211; 2008<span class=\"ez-toc-section-end\"><\/span><\/h1>\n<h3><span class=\"ez-toc-section\" id=\"4_Logo-Entwuerfe_fuer_eine_Geschaeftsidee_die_auf_dem_Raum_im_Raum_Konzept_beruht\"><\/span>4 Logo-Entw\u00fcrfe f\u00fcr eine Gesch\u00e4ftsidee, die auf dem <a href=\"\/de\/room-in-a-room\">Raum im Raum<\/a> Konzept beruht<span class=\"ez-toc-section-end\"><\/span><\/h3>\n<\/div>\n<p>[nggallery id=19]<\/p>","protected":false},"excerpt":{"rendered":"<p>Neuere Arbeiten &#8211; 2008 4 Logo-Entw\u00fcrfe f\u00fcr eine Gesch\u00e4ftsidee, die auf dem Raum im Raum Konzept beruht [nggallery id=19]<\/p>\n","protected":false},"author":2,"featured_media":0,"parent":56,"menu_order":40,"comment_status":"closed","ping_status":"closed","template":"","meta":{"iawp_total_views":13,"footnotes":""},"class_list":["post-2124","page","type-page","status-publish","hentry"],"_links":{"self":[{"href":"https:\/\/johnbellicchi-portfolio.blog-net.ch\/de\/wp-json\/wp\/v2\/pages\/2124","targetHints":{"allow":["GET"]}}],"collection":[{"href":"https:\/\/johnbellicchi-portfolio.blog-net.ch\/de\/wp-json\/wp\/v2\/pages"}],"about":[{"href":"https:\/\/johnbellicchi-portfolio.blog-net.ch\/de\/wp-json\/wp\/v2\/types\/page"}],"author":[{"embeddable":true,"href":"https:\/\/johnbellicchi-portfolio.blog-net.ch\/de\/wp-json\/wp\/v2\/users\/2"}],"replies":[{"embeddable":true,"href":"https:\/\/johnbellicchi-portfolio.blog-net.ch\/de\/wp-json\/wp\/v2\/comments?post=2124"}],"version-history":[{"count":5,"href":"https:\/\/johnbellicchi-portfolio.blog-net.ch\/de\/wp-json\/wp\/v2\/pages\/2124\/revisions"}],"predecessor-version":[{"id":2694,"href":"https:\/\/johnbellicchi-portfolio.blog-net.ch\/de\/wp-json\/wp\/v2\/pages\/2124\/revisions\/2694"}],"up":[{"embeddable":true,"href":"https:\/\/johnbellicchi-portfolio.blog-net.ch\/de\/wp-json\/wp\/v2\/pages\/56"}],"wp:attachment":[{"href":"https:\/\/johnbellicchi-portfolio.blog-net.ch\/de\/wp-json\/wp\/v2\/media?parent=2124"}],"curies":[{"name":"wp","href":"https:\/\/api.w.org\/{rel}","templated":true}]}}