{"id":21,"date":"2009-02-06T20:45:26","date_gmt":"2009-02-06T19:45:26","guid":{"rendered":"http:\/\/wp1057439.wp029.webpack.hosteurope.de\/apps\/wp\/?page_id=21"},"modified":"2011-09-06T18:17:09","modified_gmt":"2011-09-06T17:17:09","slug":"seminars","status":"publish","type":"page","link":"https:\/\/johnbellicchi-portfolio.blog-net.ch\/de\/seminars\/","title":{"rendered":"Seminare"},"content":{"rendered":"<p><\/p>\n<div class=\"articleSum\">\n<div id=\"ez-toc-container\" class=\"ez-toc-v2_0_82_2 counter-hierarchy ez-toc-counter ez-toc-grey ez-toc-container-direction\">\n<div class=\"ez-toc-title-container\">\n<p class=\"ez-toc-title\" style=\"cursor:inherit\">Table of Contents<\/p>\n<span class=\"ez-toc-title-toggle\"><a href=\"#\" class=\"ez-toc-pull-right ez-toc-btn ez-toc-btn-xs ez-toc-btn-default ez-toc-toggle\" aria-label=\"Toggle Table of Content\"><span class=\"ez-toc-js-icon-con\"><span class=\"\"><span class=\"eztoc-hide\" style=\"display:none;\">Toggle<\/span><span class=\"ez-toc-icon-toggle-span\"><svg style=\"fill: #999;color:#999\" xmlns=\"http:\/\/www.w3.org\/2000\/svg\" class=\"list-377408\" width=\"20px\" height=\"20px\" viewBox=\"0 0 24 24\" fill=\"none\"><path d=\"M6 6H4v2h2V6zm14 0H8v2h12V6zM4 11h2v2H4v-2zm16 0H8v2h12v-2zM4 16h2v2H4v-2zm16 0H8v2h12v-2z\" fill=\"currentColor\"><\/path><\/svg><svg style=\"fill: #999;color:#999\" class=\"arrow-unsorted-368013\" xmlns=\"http:\/\/www.w3.org\/2000\/svg\" width=\"10px\" height=\"10px\" viewBox=\"0 0 24 24\" version=\"1.2\" baseProfile=\"tiny\"><path d=\"M18.2 9.3l-6.2-6.3-6.2 6.3c-.2.2-.3.4-.3.7s.1.5.3.7c.2.2.4.3.7.3h11c.3 0 .5-.1.7-.3.2-.2.3-.5.3-.7s-.1-.5-.3-.7zM5.8 14.7l6.2 6.3 6.2-6.3c.2-.2.3-.5.3-.7s-.1-.5-.3-.7c-.2-.2-.4-.3-.7-.3h-11c-.3 0-.5.1-.7.3-.2.2-.3.5-.3.7s.1.5.3.7z\"\/><\/svg><\/span><\/span><\/span><\/a><\/span><\/div>\n<nav><ul class='ez-toc-list ez-toc-list-level-1 ' ><li class='ez-toc-page-1 ez-toc-heading-level-1'><a class=\"ez-toc-link ez-toc-heading-1\" href=\"https:\/\/johnbellicchi-portfolio.blog-net.ch\/de\/seminars\/#Seminare\" >Seminare<\/a><ul class='ez-toc-list-level-3' ><li class='ez-toc-heading-level-3'><ul class='ez-toc-list-level-3' ><li class='ez-toc-heading-level-3'><a class=\"ez-toc-link ez-toc-heading-2\" href=\"https:\/\/johnbellicchi-portfolio.blog-net.ch\/de\/seminars\/#Hintergrund_Wie_ich_Seminarleiter_geworden_bin\" >Hintergrund: Wie ich Seminarleiter geworden bin<\/a><\/li><\/ul><\/li><\/ul><\/li><\/ul><\/nav><\/div>\n<h1><span class=\"ez-toc-section\" id=\"Seminare\"><\/span>Seminare<span class=\"ez-toc-section-end\"><\/span><\/h1>\n<h3><span class=\"ez-toc-section\" id=\"Hintergrund_Wie_ich_Seminarleiter_geworden_bin\"><\/span>Hintergrund: Wie ich Seminarleiter geworden bin<span class=\"ez-toc-section-end\"><\/span><\/h3>\n<\/div>\n<p><em>Ende der Siebziger Jahre<\/em><\/p>\n<p>Zuhause hatte ich ein Atelier, wo ich freischaffend als Grafiker t\u00e4tig war. Meist arbeitete ich abends bis sp\u00e4t in die Nacht hinein, w\u00e4hrend alle anderen Familienmitglieder schon schliefen. Sp\u00e4t nachts da kam mir die Vision. Es war immer dieselbe. Ich stand in einem gro\u00dfen Raum vor sitzendem Publikum und sprach. Aus welchem Grunde oder in welchem Zusammenhang \u2014 davon hatte ich nicht den blassesten Schimmer. (Klar war nur, dass ich nicht auf einer B\u00fchne und nicht hinter einem Rednerpult stand.) Ich weiss nicht, wie es dir bei dieser Vorstellung geht, aber der Gedanke vor einer Versammlung von Leuten stehen und reden zu m\u00fcssen, be\u00e4ngstigte mich sehr. (Selbst nach jahrelanger Erfahrung als Seminarleiter macht es mich heute noch nerv\u00f6s.) Allerdings konnte ich mir auch nichts Aufregenderes vorstellen, nichts, was ich lieber getan h\u00e4tte. Ach, wenn ich das nur k\u00f6nnte, dachte ich sehns\u00fcchtig. Dann brachte mich ein Freund dazu, einen Workshop zu besuchen. Einen dieser Workshops zur\u00a0Sellbsterfahrung, die in Kalifornien ausgebr\u00fctet und an der Ostk\u00fcste (in und um Boston und New York, um genau zu sein) gerade \u00e4u\u00dferst popul\u00e4r wurden. Mein Freund war davon restlos begeistert. Dass es mein Leben ver\u00e4ndern w\u00fcrde, sagte er. Wie alle anderen Teilnehmer musste ich auch nach vorne gehen, mich den Leuten vorstellen und mitteilen, was ich mir vom Seminar erhoffte. Ich hatte Bammel, mir schlotterten die Knie. Der Seminarleiter, der sehen konnte, wie nerv\u00f6s ich war, wies mich an, tief durchzuatmen. \u201dNun schau dir mal die Leute an,\u201d sagte er. Als ich mich umsah, merkte ich, dass der Raum dem Raum in meiner Vision zum Verwechseln \u00e4hnlich war genau wie die Leute.<\/p>\n<p>Die <a href=\"?page_id=162\">Vision <\/a>ist bereit f\u00fcr uns, doch nicht immer sind wir bereit f\u00fcr die Vision. Sie zeigt uns, wie wir sein k\u00f6nnen, wenn wir bereit sind, die Reise anzutreten. Die Reise in be\u00e4ngstigend neues Territorium in meinem Fall.<\/p>\n<\/p>\n<p><\/p>","protected":false},"excerpt":{"rendered":"<p>Seminare Hintergrund: Wie ich Seminarleiter geworden bin Ende der Siebziger Jahre Zuhause hatte ich ein Atelier, wo ich freischaffend als Grafiker t\u00e4tig war. Meist arbeitete ich abends bis sp\u00e4t in die Nacht hinein, w\u00e4hrend alle anderen Familienmitglieder schon schliefen. Sp\u00e4t nachts da kam mir die Vision. Es war immer dieselbe. Ich stand in einem gro\u00dfen [&hellip;]<\/p>\n","protected":false},"author":8,"featured_media":0,"parent":0,"menu_order":20,"comment_status":"closed","ping_status":"closed","template":"","meta":{"iawp_total_views":108,"footnotes":""},"class_list":["post-21","page","type-page","status-publish","hentry"],"_links":{"self":[{"href":"https:\/\/johnbellicchi-portfolio.blog-net.ch\/de\/wp-json\/wp\/v2\/pages\/21","targetHints":{"allow":["GET"]}}],"collection":[{"href":"https:\/\/johnbellicchi-portfolio.blog-net.ch\/de\/wp-json\/wp\/v2\/pages"}],"about":[{"href":"https:\/\/johnbellicchi-portfolio.blog-net.ch\/de\/wp-json\/wp\/v2\/types\/page"}],"author":[{"embeddable":true,"href":"https:\/\/johnbellicchi-portfolio.blog-net.ch\/de\/wp-json\/wp\/v2\/users\/8"}],"replies":[{"embeddable":true,"href":"https:\/\/johnbellicchi-portfolio.blog-net.ch\/de\/wp-json\/wp\/v2\/comments?post=21"}],"version-history":[{"count":5,"href":"https:\/\/johnbellicchi-portfolio.blog-net.ch\/de\/wp-json\/wp\/v2\/pages\/21\/revisions"}],"predecessor-version":[{"id":2657,"href":"https:\/\/johnbellicchi-portfolio.blog-net.ch\/de\/wp-json\/wp\/v2\/pages\/21\/revisions\/2657"}],"wp:attachment":[{"href":"https:\/\/johnbellicchi-portfolio.blog-net.ch\/de\/wp-json\/wp\/v2\/media?parent=21"}],"curies":[{"name":"wp","href":"https:\/\/api.w.org\/{rel}","templated":true}]}}