{"id":162,"date":"2009-02-07T18:19:39","date_gmt":"2009-02-07T17:19:39","guid":{"rendered":"http:\/\/wp1057439.wp029.webpack.hosteurope.de\/apps\/wp\/?page_id=162"},"modified":"2012-02-10T13:42:31","modified_gmt":"2012-02-10T12:42:31","slug":"book","status":"publish","type":"page","link":"https:\/\/johnbellicchi-portfolio.blog-net.ch\/de\/writing\/book\/","title":{"rendered":"Buch"},"content":{"rendered":"<p><\/p>\n<div class=\"articleSum\"><img loading=\"lazy\" decoding=\"async\" style=\"border: 0pt none;\" src=\"\/wp-content\/uploads\/2009\/02\/writing.jpg\" alt=\"writing\" width=\"64\" height=\"64\" \/><\/p>\n<div id=\"ez-toc-container\" class=\"ez-toc-v2_0_82_2 counter-hierarchy ez-toc-counter ez-toc-grey ez-toc-container-direction\">\n<div class=\"ez-toc-title-container\">\n<p class=\"ez-toc-title\" style=\"cursor:inherit\">Table of Contents<\/p>\n<span class=\"ez-toc-title-toggle\"><a href=\"#\" class=\"ez-toc-pull-right ez-toc-btn ez-toc-btn-xs ez-toc-btn-default ez-toc-toggle\" aria-label=\"Toggle Table of Content\"><span class=\"ez-toc-js-icon-con\"><span class=\"\"><span class=\"eztoc-hide\" style=\"display:none;\">Toggle<\/span><span class=\"ez-toc-icon-toggle-span\"><svg style=\"fill: #999;color:#999\" xmlns=\"http:\/\/www.w3.org\/2000\/svg\" class=\"list-377408\" width=\"20px\" height=\"20px\" viewBox=\"0 0 24 24\" fill=\"none\"><path d=\"M6 6H4v2h2V6zm14 0H8v2h12V6zM4 11h2v2H4v-2zm16 0H8v2h12v-2zM4 16h2v2H4v-2zm16 0H8v2h12v-2z\" fill=\"currentColor\"><\/path><\/svg><svg style=\"fill: #999;color:#999\" class=\"arrow-unsorted-368013\" xmlns=\"http:\/\/www.w3.org\/2000\/svg\" width=\"10px\" height=\"10px\" viewBox=\"0 0 24 24\" version=\"1.2\" baseProfile=\"tiny\"><path d=\"M18.2 9.3l-6.2-6.3-6.2 6.3c-.2.2-.3.4-.3.7s.1.5.3.7c.2.2.4.3.7.3h11c.3 0 .5-.1.7-.3.2-.2.3-.5.3-.7s-.1-.5-.3-.7zM5.8 14.7l6.2 6.3 6.2-6.3c.2-.2.3-.5.3-.7s-.1-.5-.3-.7c-.2-.2-.4-.3-.7-.3h-11c-.3 0-.5.1-.7.3-.2.2-.3.5-.3.7s.1.5.3.7z\"\/><\/svg><\/span><\/span><\/span><\/a><\/span><\/div>\n<nav><ul class='ez-toc-list ez-toc-list-level-1 ' ><li class='ez-toc-page-1 ez-toc-heading-level-1'><a class=\"ez-toc-link ez-toc-heading-1\" href=\"https:\/\/johnbellicchi-portfolio.blog-net.ch\/de\/writing\/book\/#Buch\" >Buch<\/a><ul class='ez-toc-list-level-3' ><li class='ez-toc-heading-level-3'><ul class='ez-toc-list-level-3' ><li class='ez-toc-heading-level-3'><a class=\"ez-toc-link ez-toc-heading-2\" href=\"https:\/\/johnbellicchi-portfolio.blog-net.ch\/de\/writing\/book\/#Liebe_Lust_und_Leben\" >Liebe, Lust und Leben<\/a><\/li><li class='ez-toc-page-1 ez-toc-heading-level-3'><a class=\"ez-toc-link ez-toc-heading-3\" href=\"https:\/\/johnbellicchi-portfolio.blog-net.ch\/de\/writing\/book\/#Theaterprojekt\" >Theaterprojekt<\/a><\/li><\/ul><\/li><\/ul><\/li><\/ul><\/nav><\/div>\n<h1><span class=\"ez-toc-section\" id=\"Buch\"><\/span>Buch<span class=\"ez-toc-section-end\"><\/span><\/h1>\n<\/div>\n<h3><span class=\"ez-toc-section\" id=\"Liebe_Lust_und_Leben\"><\/span>Liebe, Lust und Leben<span class=\"ez-toc-section-end\"><\/span><\/h3>\n<ul>\n<li>Regeln zum Spiel um Lust und Liebe<\/li>\n<li> Was Liebe ist<\/li>\n<li> Die Heilige Hure<\/li>\n<li> Seitenspr\u00fcnge<\/li>\n<li> Onanie<\/li>\n<li> Worum es beim Kochen eigentlich geht<\/li>\n<li> Streitregeln<\/li>\n<li> Kraftquelle<\/li>\n<li> Wann ist ein Mann ein Mann?<\/li>\n<li> Auf der Suche nach dem Vater<\/li>\n<li> Jugendlicher Leichtsinn<\/li>\n<li> F\u00fchrung<\/li>\n<\/ul>\n<p>Dies sind nur einige der Themen in diesem Buch, das sich aus autobiografischen Fragmenten, Bewusstsein f\u00f6rdernden Teilen und literarischen Versuchen zusammensetzt. <em>Liebe, Lust und Leben<\/em> ist eine offenherzige, sehr pers\u00f6nliche und aufschlussreiche Erkundung in Sachen Sexualit\u00e4t, Spiritualit\u00e4t und anderer menschlicher Grundanliegen.<\/p>\n<p>Direkt bestellen bei \u21d2<a href=\"http:\/\/www.synergia-verlag.de\/liebe,-lust-und-leben-p-50840.html\"> SYNERGIA<\/a><\/p>\n<h3><span class=\"ez-toc-section\" id=\"Theaterprojekt\"><\/span>Theaterprojekt<span class=\"ez-toc-section-end\"><\/span><\/h3>\n<p><img loading=\"lazy\" decoding=\"async\" class=\"alignleft size-full wp-image-2564\" title=\"hei-art ensemble\" src=\"http:\/\/johnbellicchi-portfolio.blog-net.ch\/files\/2009\/02\/swing.jpg\" alt=\"\" style=\"margin-right: 10px\" width=\"300\" height=\"80\" \/>Die  in diesem Buch enthaltenen &#8222;Regeln zum Spiel um Lust und Liebe&#8220; inspirierten <strong>Heinke Hartmann<\/strong> und ihr Ensemble zu dem Theaterst\u00fcck \u21d2 <a href=\"http:\/\/hei-art.de\/archiv\/warum-eigentlich-sex\/\" target=\"_blank\"><strong>Warum eigentlich Sex<\/strong><\/a>.<\/p>\n<p><\/p>","protected":false},"excerpt":{"rendered":"<p>Buch Liebe, Lust und Leben Regeln zum Spiel um Lust und Liebe Was Liebe ist Die Heilige Hure Seitenspr\u00fcnge Onanie Worum es beim Kochen eigentlich geht Streitregeln Kraftquelle Wann ist ein Mann ein Mann? Auf der Suche nach dem Vater Jugendlicher Leichtsinn F\u00fchrung Dies sind nur einige der Themen in diesem Buch, das sich aus [&hellip;]<\/p>\n","protected":false},"author":2,"featured_media":0,"parent":46,"menu_order":0,"comment_status":"closed","ping_status":"closed","template":"","meta":{"iawp_total_views":52,"footnotes":""},"class_list":["post-162","page","type-page","status-publish","hentry"],"_links":{"self":[{"href":"https:\/\/johnbellicchi-portfolio.blog-net.ch\/de\/wp-json\/wp\/v2\/pages\/162","targetHints":{"allow":["GET"]}}],"collection":[{"href":"https:\/\/johnbellicchi-portfolio.blog-net.ch\/de\/wp-json\/wp\/v2\/pages"}],"about":[{"href":"https:\/\/johnbellicchi-portfolio.blog-net.ch\/de\/wp-json\/wp\/v2\/types\/page"}],"author":[{"embeddable":true,"href":"https:\/\/johnbellicchi-portfolio.blog-net.ch\/de\/wp-json\/wp\/v2\/users\/2"}],"replies":[{"embeddable":true,"href":"https:\/\/johnbellicchi-portfolio.blog-net.ch\/de\/wp-json\/wp\/v2\/comments?post=162"}],"version-history":[{"count":5,"href":"https:\/\/johnbellicchi-portfolio.blog-net.ch\/de\/wp-json\/wp\/v2\/pages\/162\/revisions"}],"predecessor-version":[{"id":2993,"href":"https:\/\/johnbellicchi-portfolio.blog-net.ch\/de\/wp-json\/wp\/v2\/pages\/162\/revisions\/2993"}],"up":[{"embeddable":true,"href":"https:\/\/johnbellicchi-portfolio.blog-net.ch\/de\/wp-json\/wp\/v2\/pages\/46"}],"wp:attachment":[{"href":"https:\/\/johnbellicchi-portfolio.blog-net.ch\/de\/wp-json\/wp\/v2\/media?parent=162"}],"curies":[{"name":"wp","href":"https:\/\/api.w.org\/{rel}","templated":true}]}}