{"id":101,"date":"2009-02-07T16:25:54","date_gmt":"2009-02-07T15:25:54","guid":{"rendered":"http:\/\/wp1057439.wp029.webpack.hosteurope.de\/apps\/wp\/?page_id=101"},"modified":"2012-02-10T13:18:26","modified_gmt":"2012-02-10T12:18:26","slug":"fathers-sons","status":"publish","type":"page","link":"https:\/\/johnbellicchi-portfolio.blog-net.ch\/de\/seminars\/fathers-sons\/","title":{"rendered":"V\u00e4ter \/ S\u00f6hne"},"content":{"rendered":"<p><\/p>\n<div class=\"articleSum\"><img loading=\"lazy\" decoding=\"async\" class=\"alignnone size-full wp-image-2288\" title=\"vaeter\" src=\"\/files\/2009\/02\/Bild-2.jpg\" alt=\"vaeter\" width=\"45\" height=\"64\" \/><\/p>\n<div id=\"ez-toc-container\" class=\"ez-toc-v2_0_82_2 counter-hierarchy ez-toc-counter ez-toc-grey ez-toc-container-direction\">\n<div class=\"ez-toc-title-container\">\n<p class=\"ez-toc-title\" style=\"cursor:inherit\">Table of Contents<\/p>\n<span class=\"ez-toc-title-toggle\"><a href=\"#\" class=\"ez-toc-pull-right ez-toc-btn ez-toc-btn-xs ez-toc-btn-default ez-toc-toggle\" aria-label=\"Toggle Table of Content\"><span class=\"ez-toc-js-icon-con\"><span class=\"\"><span class=\"eztoc-hide\" style=\"display:none;\">Toggle<\/span><span class=\"ez-toc-icon-toggle-span\"><svg style=\"fill: #999;color:#999\" xmlns=\"http:\/\/www.w3.org\/2000\/svg\" class=\"list-377408\" width=\"20px\" height=\"20px\" viewBox=\"0 0 24 24\" fill=\"none\"><path d=\"M6 6H4v2h2V6zm14 0H8v2h12V6zM4 11h2v2H4v-2zm16 0H8v2h12v-2zM4 16h2v2H4v-2zm16 0H8v2h12v-2z\" fill=\"currentColor\"><\/path><\/svg><svg style=\"fill: #999;color:#999\" class=\"arrow-unsorted-368013\" xmlns=\"http:\/\/www.w3.org\/2000\/svg\" width=\"10px\" height=\"10px\" viewBox=\"0 0 24 24\" version=\"1.2\" baseProfile=\"tiny\"><path d=\"M18.2 9.3l-6.2-6.3-6.2 6.3c-.2.2-.3.4-.3.7s.1.5.3.7c.2.2.4.3.7.3h11c.3 0 .5-.1.7-.3.2-.2.3-.5.3-.7s-.1-.5-.3-.7zM5.8 14.7l6.2 6.3 6.2-6.3c.2-.2.3-.5.3-.7s-.1-.5-.3-.7c-.2-.2-.4-.3-.7-.3h-11c-.3 0-.5.1-.7.3-.2.2-.3.5-.3.7s.1.5.3.7z\"\/><\/svg><\/span><\/span><\/span><\/a><\/span><\/div>\n<nav><ul class='ez-toc-list ez-toc-list-level-1 ' ><li class='ez-toc-page-1 ez-toc-heading-level-1'><a class=\"ez-toc-link ez-toc-heading-1\" href=\"https:\/\/johnbellicchi-portfolio.blog-net.ch\/de\/seminars\/fathers-sons\/#Vaeter_Soehne\" >V\u00e4ter \/ S\u00f6hne<\/a><ul class='ez-toc-list-level-3' ><li class='ez-toc-heading-level-3'><ul class='ez-toc-list-level-3' ><li class='ez-toc-heading-level-3'><a class=\"ez-toc-link ez-toc-heading-2\" href=\"https:\/\/johnbellicchi-portfolio.blog-net.ch\/de\/seminars\/fathers-sons\/#Ein_Wochenendseminar_fuer_Maenner_die_ihre_vaeterlichen_Eigenschaften_staerken_wollen\" >Ein Wochenendseminar f\u00fcr M\u00e4nner, die ihre v\u00e4terlichen Eigenschaften st\u00e4rken wollen.<\/a><\/li><li class='ez-toc-page-1 ez-toc-heading-level-3'><a class=\"ez-toc-link ez-toc-heading-3\" href=\"https:\/\/johnbellicchi-portfolio.blog-net.ch\/de\/seminars\/fathers-sons\/#Der_Vater_wer_oder_was_ist_das\" >Der Vater: wer oder was ist das?<\/a><\/li><\/ul><\/li><\/ul><\/li><\/ul><\/nav><\/div>\n<h1><span class=\"ez-toc-section\" id=\"Vaeter_Soehne\"><\/span>V\u00e4ter \/ S\u00f6hne<span class=\"ez-toc-section-end\"><\/span><\/h1>\n<h3><span class=\"ez-toc-section\" id=\"Ein_Wochenendseminar_fuer_Maenner_die_ihre_vaeterlichen_Eigenschaften_staerken_wollen\"><\/span>Ein Wochenendseminar f\u00fcr M\u00e4nner, die ihre v\u00e4terlichen Eigenschaften st\u00e4rken wollen.<span class=\"ez-toc-section-end\"><\/span><\/h3>\n<\/div>\n<p>V\u00e4terlicher Geist und die Vater-Sohn-Dynamik sind die Kernthemen dieses Seminars. Ein erlebnisreiches Programm, das die Teilnehmer anregt, in Fragen, die sie bewegen, zu neuen Erkenntnissen zu gelangen und ihre Standpunkte zu \u00fcberdenken oder zu finden. Sie lernen, ihre individuellen Qualit\u00e4ten besser einzusch\u00e4tzen und diese effektiver einzusetzen. Der Erfahrungsaustausch, das gemeinsame Reflektieren und Debattieren erg\u00e4nzt die subjektiv gewonnenen Erkenntnisse und wirkt sich inspirierend und verbindend auf die Mitwirkenden aus.<\/p>\n<h3><span class=\"ez-toc-section\" id=\"Der_Vater_wer_oder_was_ist_das\"><\/span>Der Vater: wer oder was ist das?<span class=\"ez-toc-section-end\"><\/span><\/h3>\n<p>\u201dAls Elternteil bist du ein F\u00fcrsorger,\u201d sage ich Familienv\u00e4tern, die mir diese Frage stellen, \u201daber als Vater bist du eine Stimme.\u201d<\/p>\n<p>Ein Mann ohne Verbindung zum Vater und seiner Autorit\u00e4t wird es schwer haben, sich Geh\u00f6r zu verschaffen. Um geh\u00f6rt zu werden, wird er schreien. Um sich durchzusetzen, wird er zu Druckmitteln und k\u00f6rperlicher Gewalt greifen.<\/p>\n<p>Man kann das Urteilsverm\u00f6gen des Vaters infrage stellen, nicht aber seine Autorit\u00e4t. Die Autorit\u00e4t des Vaters fordert unbedingten Gehorsam. Da gibt es keine Einw\u00e4nde, keine Diskussion. \u201dLass mich das nicht zweimal sagen,\u201d sagt der Erzieher zum widerspenstigen Kind. So spricht der Vater.<\/p>\n<p>Die Macht des Vaters ist die Macht zu segnen oder zu verdammen; etwas ins Leben zu rufen; zu veranlassen, dass etwas zustande gebracht wird.<\/p>\n<p>Niemand hat dir mehr zu geben als der Vater, wenn es um F\u00fchrung, Unterst\u00fctzung und St\u00e4rkung geht, doch hat auch niemand mehr von dir zu verlangen \u2014 jedes Menschenleben, das auf Anordnung eines milit\u00e4rischen Befehlshabers zwecks Ausf\u00fchrung seines Auftrags aufs Spiel gesetzt wird, macht dies schmerzlich klar. \u201dVater, Vater, warum hast du mich verlassen?\u201d ruft der biblische Jesus in den letzten Stunden seiner Qual. Der Vater wird dich darin unterst\u00fctzen, deine Bestimmung zu erf\u00fcllen, doch rechne nicht damit, dass er dich vor deinem Schicksal bewahrt.<\/p>\n<p>Teil des v\u00e4terlichen Verm\u00e4chtnisses kann sein, dass der Sohn auslebt, was sein Vater aus dem einen oder anderen Grunde \u2014 aus Vorsicht, Feigheit, moralischen Grunds\u00e4tzen oder einfach aus Vernunft \u2014 unterlassen hat. Was du nicht verwirklichen willst oder kannst, werden deine Kinder tun. Oder wie mir jemand mal erkl\u00e4rte, \u201dDu verf\u00fcgst \u00fcber eine ganze Menge Potential. Du nutzt es oder auch nicht, und eines Tages \u2014 sieh da! \u2014 kommt es in deinen Kindern zum Vorschein.\u201d<\/p>\n<p>In Margot Livesey\u2019s Roman, <em>Kriminelle<\/em>, bel\u00fcgt ein anst\u00e4ndiger, junger Bankangestellter einen Ermittlungsbeamten, um eine Kollegin, in die er verliebt ist, zu sch\u00fctzen.\u201dOhne den Preis zu bedenken, wird er zum L\u00fcgner \u2026\u201d schreibt sie. Als er sich dessen bewusst wird, wird er von Schmerz \u00fcberw\u00e4ltigt. \u201dEin kleines, aber wesentliches Organ war aus ihm heraus getrennt worden. Er war nicht mehr seines Vaters Sohn.\u201d<\/p>","protected":false},"excerpt":{"rendered":"<p>V\u00e4ter \/ S\u00f6hne Ein Wochenendseminar f\u00fcr M\u00e4nner, die ihre v\u00e4terlichen Eigenschaften st\u00e4rken wollen. V\u00e4terlicher Geist und die Vater-Sohn-Dynamik sind die Kernthemen dieses Seminars. Ein erlebnisreiches Programm, das die Teilnehmer anregt, in Fragen, die sie bewegen, zu neuen Erkenntnissen zu gelangen und ihre Standpunkte zu \u00fcberdenken oder zu finden. Sie lernen, ihre individuellen Qualit\u00e4ten besser einzusch\u00e4tzen [&hellip;]<\/p>\n","protected":false},"author":2,"featured_media":0,"parent":21,"menu_order":30,"comment_status":"closed","ping_status":"closed","template":"","meta":{"iawp_total_views":25,"footnotes":""},"class_list":["post-101","page","type-page","status-publish","hentry"],"_links":{"self":[{"href":"https:\/\/johnbellicchi-portfolio.blog-net.ch\/de\/wp-json\/wp\/v2\/pages\/101","targetHints":{"allow":["GET"]}}],"collection":[{"href":"https:\/\/johnbellicchi-portfolio.blog-net.ch\/de\/wp-json\/wp\/v2\/pages"}],"about":[{"href":"https:\/\/johnbellicchi-portfolio.blog-net.ch\/de\/wp-json\/wp\/v2\/types\/page"}],"author":[{"embeddable":true,"href":"https:\/\/johnbellicchi-portfolio.blog-net.ch\/de\/wp-json\/wp\/v2\/users\/2"}],"replies":[{"embeddable":true,"href":"https:\/\/johnbellicchi-portfolio.blog-net.ch\/de\/wp-json\/wp\/v2\/comments?post=101"}],"version-history":[{"count":5,"href":"https:\/\/johnbellicchi-portfolio.blog-net.ch\/de\/wp-json\/wp\/v2\/pages\/101\/revisions"}],"predecessor-version":[{"id":2977,"href":"https:\/\/johnbellicchi-portfolio.blog-net.ch\/de\/wp-json\/wp\/v2\/pages\/101\/revisions\/2977"}],"up":[{"embeddable":true,"href":"https:\/\/johnbellicchi-portfolio.blog-net.ch\/de\/wp-json\/wp\/v2\/pages\/21"}],"wp:attachment":[{"href":"https:\/\/johnbellicchi-portfolio.blog-net.ch\/de\/wp-json\/wp\/v2\/media?parent=101"}],"curies":[{"name":"wp","href":"https:\/\/api.w.org\/{rel}","templated":true}]}}